{"id":93,"date":"2019-02-22T12:37:22","date_gmt":"2019-02-22T12:37:22","guid":{"rendered":"http:\/\/urzuamatute.cl\/?page_id=93"},"modified":"2025-03-24T20:29:51","modified_gmt":"2025-03-24T20:29:51","slug":"servicios","status":"publish","type":"page","link":"https:\/\/urzuaabogados.com\/?page_id=93","title":{"rendered":"\u00c1REAS DE PR\u00c1CTICA E INDUSTRIAS"},"content":{"rendered":"<p>[et_pb_section fb_built=\u00bb1&#8243; admin_label=\u00bbPage Title Section\u00bb _builder_version=\u00bb4.16&#8243; use_background_color_gradient=\u00bbon\u00bb background_color_gradient_stops=\u00bb#313e47 0%|rgba(49,62,71,0.5) 100%\u00bb background_color_gradient_overlays_image=\u00bbon\u00bb background_color_gradient_start=\u00bb#313e47&#8243; background_color_gradient_end=\u00bbrgba(49,62,71,0.5)\u00bb background_image=\u00bbhttps:\/\/urzuaabogados.com\/wp-content\/uploads\/2019\/03\/tres-1.jpg\u00bb custom_padding=\u00bb211px||211px||false|false\u00bb global_colors_info=\u00bb{}\u00bb][et_pb_row admin_label=\u00bbPage Title Area\u00bb _builder_version=\u00bb4.16&#8243; background_size=\u00bbinitial\u00bb background_position=\u00bbtop_left\u00bb background_repeat=\u00bbrepeat\u00bb custom_padding=\u00bb0|0px|0|0px|false|false\u00bb global_colors_info=\u00bb{}\u00bb][et_pb_column type=\u00bb4_4&#8243; _builder_version=\u00bb4.16&#8243; custom_padding=\u00bb|||\u00bb global_colors_info=\u00bb{}\u00bb custom_padding__hover=\u00bb|||\u00bb][et_pb_text admin_label=\u00bbPage Title\u00bb _builder_version=\u00bb4.16&#8243; text_font=\u00bb||||||||\u00bb text_text_color=\u00bb#ffffff\u00bb text_font_size=\u00bb18px\u00bb text_line_height=\u00bb2em\u00bb header_font=\u00bbPrata||||||||\u00bb header_font_size=\u00bb60px\u00bb header_line_height=\u00bb1.6em\u00bb header_3_font=\u00bb||||||||\u00bb header_3_line_height=\u00bb1.8em\u00bb text_orientation=\u00bbcenter\u00bb background_layout=\u00bbdark\u00bb max_width=\u00bb700px\u00bb module_alignment=\u00bbcenter\u00bb custom_margin=\u00bb||10px|\u00bb animation_style=\u00bbfade\u00bb header_font_size_tablet=\u00bb40px\u00bb header_font_size_phone=\u00bb\u00bb header_font_size_last_edited=\u00bbon|desktop\u00bb global_colors_info=\u00bb{}\u00bb]<img loading=\"lazy\" decoding=\"async\" src=\"https:\/\/urzuaabogados.com\/wp-content\/uploads\/2019\/03\/areas-de-pracctica-e-industrias-2.png\" width=\"664\" height=\"151\" alt=\"\" class=\"wp-image-964 aligncenter size-full\" srcset=\"https:\/\/urzuaabogados.com\/wp-content\/uploads\/2019\/03\/areas-de-pracctica-e-industrias-2.png 664w, https:\/\/urzuaabogados.com\/wp-content\/uploads\/2019\/03\/areas-de-pracctica-e-industrias-2-300x68.png 300w\" sizes=\"(max-width: 664px) 100vw, 664px\" \/>[\/et_pb_text][\/et_pb_column][\/et_pb_row][\/et_pb_section][et_pb_section fb_built=\u00bb1&#8243; _builder_version=\u00bb4.16&#8243; global_colors_info=\u00bb{}\u00bb][et_pb_row _builder_version=\u00bb4.16&#8243; global_colors_info=\u00bb{}\u00bb][et_pb_column type=\u00bb4_4&#8243; _builder_version=\u00bb4.16&#8243; custom_padding=\u00bb|||\u00bb global_colors_info=\u00bb{}\u00bb custom_padding__hover=\u00bb|||\u00bb][et_pb_text _builder_version=\u00bb4.16&#8243; text_font=\u00bb||||||||\u00bb text_font_size=\u00bb16px\u00bb text_line_height=\u00bb2em\u00bb global_colors_info=\u00bb{}\u00bb]<\/p>\n<p style=\"text-align: center;\"><span style=\"font-weight: 400;\">Las \u00e1reas de URZ\u00daA est\u00e1n claramente definidas, bien planteadas y organizadas, y responden a la experiencia de su l\u00edder Cristi\u00e1n Urz\u00faa y su socio Daniel Weinstein.<\/span><\/p>\n<p style=\"text-align: center;\">\u00a0<span style=\"font-weight: 400;\">Las \u00e1reas de especializaci\u00f3n de URZ\u00daA Abogados son proyectos, ingenier\u00eda, construcci\u00f3n y miner\u00eda, incluyendo controversias de proyectos, sean reclamaciones, o sean litigios y arbitrajes.\u00a0<\/span><\/p>\n<p style=\"text-align: center;\">\u00a0<span style=\"font-weight: 400;\">As\u00ed, girando 360\u00b0 respecto de proyectos, desde su inicio hasta el final, apoyando a mandantes y contratistas por igual, y a toda la cadena de la industria minera.<\/span><\/p>\n<p style=\"text-align: center;\">\n<p>[\/et_pb_text][\/et_pb_column][\/et_pb_row][et_pb_row column_structure=\u00bb1_2,1_2&#8243; _builder_version=\u00bb4.16&#8243; global_colors_info=\u00bb{}\u00bb][et_pb_column type=\u00bb1_2&#8243; _builder_version=\u00bb4.16&#8243; custom_padding=\u00bb|||\u00bb global_colors_info=\u00bb{}\u00bb custom_padding__hover=\u00bb|||\u00bb][et_pb_button button_url=\u00bbhttps:\/\/urzuaabogados.com\/?page_id=289&#8243; button_text=\u00bbPROYECTOS, INGENIER\u00cdA Y  CONSTRUCCI\u00d3N         \u00bb button_alignment=\u00bbcenter\u00bb _builder_version=\u00bb4.16&#8243; custom_button=\u00bbon\u00bb button_text_color=\u00bb#002e6d\u00bb button_font=\u00bb||||||||\u00bb global_colors_info=\u00bb{}\u00bb][\/et_pb_button][\/et_pb_column][et_pb_column type=\u00bb1_2&#8243; _builder_version=\u00bb4.16&#8243; custom_padding=\u00bb|||\u00bb global_colors_info=\u00bb{}\u00bb custom_padding__hover=\u00bb|||\u00bb][et_pb_button button_url=\u00bbhttps:\/\/urzuaabogados.com\/?page_id=296&#8243; button_text=\u00bbCONTROVERSIAS DE PROYECTOS\u00bb button_alignment=\u00bbcenter\u00bb _builder_version=\u00bb4.18.0&#8243; custom_button=\u00bbon\u00bb button_text_color=\u00bb#002e6d\u00bb button_font=\u00bb||||||||\u00bb custom_margin=\u00bb0px|||52px|false|false\u00bb global_colors_info=\u00bb{}\u00bb][\/et_pb_button][\/et_pb_column][\/et_pb_row][\/et_pb_section]<\/p>\n","protected":false},"excerpt":{"rendered":"<p>Las \u00e1reas de URZ\u00daA est\u00e1n claramente definidas, bien planteadas y organizadas, y responden a la experiencia de su l\u00edder Cristi\u00e1n Urz\u00faa y su socio Daniel Weinstein. \u00a0Las \u00e1reas de especializaci\u00f3n de URZ\u00daA Abogados son proyectos, ingenier\u00eda, construcci\u00f3n y miner\u00eda, incluyendo controversias de proyectos, sean reclamaciones, o sean litigios y arbitrajes.\u00a0 \u00a0As\u00ed, girando 360\u00b0 respecto de [&hellip;]<\/p>\n","protected":false},"author":1,"featured_media":0,"parent":0,"menu_order":0,"comment_status":"closed","ping_status":"closed","template":"","meta":{"_et_pb_use_builder":"on","_et_pb_old_content":"","_et_gb_content_width":"","footnotes":""},"class_list":["post-93","page","type-page","status-publish","hentry"],"_links":{"self":[{"href":"https:\/\/urzuaabogados.com\/index.php?rest_route=\/wp\/v2\/pages\/93","targetHints":{"allow":["GET"]}}],"collection":[{"href":"https:\/\/urzuaabogados.com\/index.php?rest_route=\/wp\/v2\/pages"}],"about":[{"href":"https:\/\/urzuaabogados.com\/index.php?rest_route=\/wp\/v2\/types\/page"}],"author":[{"embeddable":true,"href":"https:\/\/urzuaabogados.com\/index.php?rest_route=\/wp\/v2\/users\/1"}],"replies":[{"embeddable":true,"href":"https:\/\/urzuaabogados.com\/index.php?rest_route=%2Fwp%2Fv2%2Fcomments&post=93"}],"version-history":[{"count":43,"href":"https:\/\/urzuaabogados.com\/index.php?rest_route=\/wp\/v2\/pages\/93\/revisions"}],"predecessor-version":[{"id":2615,"href":"https:\/\/urzuaabogados.com\/index.php?rest_route=\/wp\/v2\/pages\/93\/revisions\/2615"}],"wp:attachment":[{"href":"https:\/\/urzuaabogados.com\/index.php?rest_route=%2Fwp%2Fv2%2Fmedia&parent=93"}],"curies":[{"name":"wp","href":"https:\/\/api.w.org\/{rel}","templated":true}]}}