{"id":363,"date":"2019-03-02T15:28:12","date_gmt":"2019-03-02T15:28:12","guid":{"rendered":"http:\/\/urzuamatute.cl\/?page_id=363"},"modified":"2024-05-22T11:11:28","modified_gmt":"2024-05-22T11:11:28","slug":"363-2","status":"publish","type":"page","link":"https:\/\/urzuaabogados.com\/?page_id=363&lang=en","title":{"rendered":"CRISTI\u00c1N URZ\u00daA"},"content":{"rendered":"<p>[et_pb_section fb_built=\u00bb1&#8243; _builder_version=\u00bb4.16&#8243; custom_padding=\u00bb54px|0px|0|0px|false|false\u00bb global_colors_info=\u00bb{}\u00bb][et_pb_row column_structure=\u00bb2_5,3_5&#8243; _builder_version=\u00bb4.16&#8243; custom_padding=\u00bb27px|0px|0|0px|false|false\u00bb global_colors_info=\u00bb{}\u00bb][et_pb_column type=\u00bb2_5&#8243; _builder_version=\u00bb4.16&#8243; custom_padding=\u00bb|||\u00bb global_colors_info=\u00bb{}\u00bb custom_padding__hover=\u00bb|||\u00bb][et_pb_image src=\u00bbhttps:\/\/urzuaabogados.com\/wp-content\/uploads\/2019\/03\/urzua-1.jpg\u00bb align_tablet=\u00bbcenter\u00bb align_phone=\u00bb\u00bb align_last_edited=\u00bbon|desktop\u00bb _builder_version=\u00bb4.16&#8243; global_colors_info=\u00bb{}\u00bb][\/et_pb_image][\/et_pb_column][et_pb_column type=\u00bb3_5&#8243; _builder_version=\u00bb4.16&#8243; custom_padding=\u00bb|||\u00bb global_colors_info=\u00bb{}\u00bb custom_padding__hover=\u00bb|||\u00bb][et_pb_text _builder_version=\u00bb4.16&#8243; global_colors_info=\u00bb{}\u00bb]<\/p>\n<h2><strong>CRISTI\u00c1N URZ\u00daA<\/strong><\/h2>\n<h4><b>Partner<\/b><\/h4>\n<p><span style=\"font-family: inherit; font-weight: normal; font-size: medium;\"><\/span><\/p>\n<p>[\/et_pb_text][et_pb_text _builder_version=\u00bb4.17.4&#8243; global_colors_info=\u00bb{}\u00bb]<\/p>\n<p><span class=\"icon-phone\"><\/span> +56994333848 \/ +56224709721<\/p>\n<p><span class=\"icon-envelope\"> <\/span> <a href=\"mailto: curzua@urzuaabogados.com\">curzua@urzuaabogados.com<\/a><\/p>\n<p>[\/et_pb_text][et_pb_social_media_follow _builder_version=\u00bb4.17.4&#8243; custom_margin=\u00bb-85px||\u00bb custom_padding=\u00bb0px|||427px\u00bb global_colors_info=\u00bb{}\u00bb][et_pb_social_media_follow_network social_network=\u00bblinkedin\u00bb url=\u00bbhttps:\/\/cl.linkedin.com\/in\/cristianurzua472b6149&#8243; _builder_version=\u00bb4.16&#8243; background_color=\u00bb#007bb6&#8243; global_colors_info=\u00bb{}\u00bb follow_button=\u00bboff\u00bb url_new_window=\u00bbon\u00bb]linkedin[\/et_pb_social_media_follow_network][\/et_pb_social_media_follow][et_pb_text _builder_version=\u00bb4.16&#8243; global_colors_info=\u00bb{}\u00bb]<\/p>\n<h2 style=\"text-align: justify;\"><\/h2>\n<p style=\"text-align: justify;\">Cristi\u00e1n Urz\u00faa<em>\u2019<\/em>s practice focuses on projects, construction and engineering law, including its disputes (claims, litigation and arbitration, in all the stages of a project, including its operation).<\/p>\n<p style=\"text-align: justify;\">He advises owners and contractors in infrastructure projects, engineering and construction, from the idea of \u200b\u200bdeveloping a project through the preparation of contracts, their execution, materialization and claims, even up to their litigation, arbitration or liquidation.<\/p>\n<p style=\"text-align: justify;\"><span style=\"font-weight: 400;\">Cristi\u00e1n was director of the \u200b\u200bArbitration and Litigation Group and engineering and construction specialist, at Carey &amp; Allende\u2013 currently CMS Carey &amp; Allende, Santiago (2015-2016); and senior associate (2009-2015); associate of the arbitration and litigation firm, Ort\u00fazar, \u00c1guila &amp; Concha -today Ort\u00fazar Vergara &amp; Boetsch, Santiago (2006-2008); and associate of the Arbitration and Litigation Group at \u00c1lvarez, Hinzpeter &amp; Jana -now Bofill Mir &amp; \u00c1lvarez Jana-, Santiago (2006-2008).<\/span><\/p>\n<h4><strong><\/strong><\/h4>\n<p><span style=\"font-family: inherit; font-weight: normal; font-size: medium;\"><\/span><\/p>\n<p>[\/et_pb_text][\/et_pb_column][\/et_pb_row][et_pb_row _builder_version=\u00bb4.16&#8243; _module_preset=\u00bbdefault\u00bb global_colors_info=\u00bb{}\u00bb][et_pb_column type=\u00bb4_4&#8243; _builder_version=\u00bb4.16&#8243; _module_preset=\u00bbdefault\u00bb global_colors_info=\u00bb{}\u00bb][et_pb_testimonial author=\u00bbLegal 500&#8243; portrait_url=\u00bbhttps:\/\/urzuaabogados.com\/wp-content\/uploads\/2021\/03\/l500-next-generation-partner-la-2021.jpg\u00bb portrait_width=\u00bb100px\u00bb portrait_height=\u00bb150px\u00bb _builder_version=\u00bb4.16&#8243; _module_preset=\u00bbdefault\u00bb global_colors_info=\u00bb{}\u00bb]<\/p>\n<p><em>The best quality of Cristi\u00e1n Urz\u00faa is his 24\/7 availability, excellent treatment of clients, honesty and efficiency. He has knowledge and creativity that are very difficult to find in the Chilean market. He is extremely hard-working and diligent, and very committed to his clients. In my opinion, he is the best projects lawyer in Chile.<\/em><\/p>\n<p><em>Cristi\u00e1n Urz\u00faa has outstanding knowledge of our business and the practice of arbitration. He has been involved in several complex cases regarding all kinds of construction law issues.<\/em><\/p>\n<p><em>What makes this practice unique is having the experience to interpret correctly different scenarios and know how properly to assess and weigh the different risks without raising transaction costs.<\/em><\/p>\n<p>[\/et_pb_testimonial][\/et_pb_column][\/et_pb_row][et_pb_row column_structure=\u00bb2_3,1_3&#8243; _builder_version=\u00bb4.16&#8243; custom_padding=\u00bb30px|0px|0|0px|false|false\u00bb global_colors_info=\u00bb{}\u00bb][et_pb_column type=\u00bb2_3&#8243; _builder_version=\u00bb4.16&#8243; custom_padding=\u00bb|||\u00bb global_colors_info=\u00bb{}\u00bb custom_padding__hover=\u00bb|||\u00bb][et_pb_text _builder_version=\u00bb4.16&#8243; global_colors_info=\u00bb{}\u00bb]<\/p>\n<h4 style=\"text-align: justify;\"><b>\u00a0 Representative experience<\/b><\/h4>\n<ul style=\"text-align: justify;\">\n<li style=\"text-align: justify;\"><b style=\"font-size: 14px; color: #092e6e;\">A mining company with global presence<\/b><span style=\"font-weight: 400;\">, in the contractual support of the construction of an expansion of mining infrastructure that required the performance of five packages of contracts, in various modalities, for USD 2,000 million.<\/span><\/li>\n<li style=\"text-align: justify;\"><span style=\"color: #092e6e;\"><b>A construction company of power transmission lines<\/b><\/span><span style=\"font-weight: 400;\">, in the contractual support of the construction of one of the most important power transmission lines of the decade, for USD 250 million.<\/span><\/li>\n<li style=\"text-align: justify;\"><span style=\"color: #092e6e;\"><b>An engineering company with global presence<\/b><\/span><span style=\"font-weight: 400;\">, in a domestic arbitration for USD 7 million, in a conflict related to impacts on term, costs and scope of the work, obtaining one of the few judgements that awarded a complaint against an arbitrator <\/span><i><span style=\"font-weight: 400;\">ex aequo et bono<\/span><\/i><span style=\"font-weight: 400;\">, in the last 15 years in Chile.<\/span><\/li>\n<li style=\"text-align: justify;\"><span style=\"color: #092e6e;\"><b>A photovoltaic solar energy company<\/b><\/span><span style=\"font-weight: 400;\">, in a domestic arbitration for USD 8 million, in a dispute in connection with impacts on term, costs and scope of the work, obtaining a favorable ruling, despite the fact that the award issued by the first arbitrator was challenged before the Santiago Court of Appeal.<\/span><\/li>\n<li style=\"text-align: justify;\"><span style=\"color: #092e6e;\"><b>A business group dedicated to operate public services<\/b><\/span><span style=\"font-weight: 400;\">, in a dozens of litigations and arbitrations against its former partner, for USD 20 million.<\/span><\/li>\n<li style=\"text-align: justify;\"><span style=\"color: #092e6e;\"><b>An engineering company with global presence<\/b><\/span><span style=\"font-weight: 400;\">, in the determination of its environmental contingencies and in the early preparation of its environmental defense, in a project of USD 1,000 million, for contingencies amounted to USD 40 million.<\/span><\/li>\n<\/ul>\n<h4 style=\"text-align: justify;\"><strong><\/strong><\/h4>\n<h4 style=\"text-align: justify;\"><b>Acknowledgements<\/b><\/h4>\n<ul style=\"text-align: justify;\">\n<li>Up and Coming, Chambers and Partners, in Projects (2022 y 2023).<\/li>\n<li>Next Generation Partner, The Legal 500, in Proyects and Infrastructure (2021, 2022 and 2023).<\/li>\n<li>Leaders League, in Dispute Resolution in Construction and Arbitration (2021, 2022 and 2023).<\/li>\n<li>Recognized by The Legal 500 which describes him like this: \u00ab<em style=\"font-size: 14px;\">It is strategic and has great knowledg<\/em><span style=\"font-size: 14px;\">e\u00bb. <\/span><span style=\"font-size: 14px;\">(2014, 2015, 2016 y 2017).<\/span><\/li>\n<li style=\"font-weight: 400; text-align: justify;\"><span style=\"font-weight: 400;\">Beca Chile Scholarship (2009).<\/span><\/li>\n<li style=\"font-weight: 400; text-align: justify;\"><span style=\"font-weight: 400;\">Fernando Rozas Vial Award to the best student of Civil Law (2006).<\/span><\/li>\n<li style=\"font-weight: 400; text-align: justify;\"><span style=\"font-weight: 400;\">Carey y C\u00eda. Award to the best student of Civil Law (2005 and 2006).<\/span><\/li>\n<\/ul>\n<h4 style=\"text-align: justify;\"><\/h4>\n<h4 style=\"text-align: justify;\"><b>Activities and memberships<\/b><\/h4>\n<p style=\"text-align: justify;\"><strong><\/strong><\/p>\n<ul style=\"text-align: justify;\">\n<li><span style=\"font-weight: 400;\">Professor at Pontificie Universidad Catolica de Chile, \u201cConstruction and engineering Law\u201d course (since 2022).<\/span><\/li>\n<li><span style=\"font-weight: 400;\">Professor at Universidad Adolfo Ib\u00e1\u00f1ez, \u201cThe Construction Contract before the Civil Law\u201d course (since 2018).<\/span><\/li>\n<li><span style=\"font-weight: 400;\">Columnist of El Mercurio Legal, in matters of projects, engineering and construction, and in litigation and arbitration (2019-).<\/span><\/li>\n<li style=\"font-weight: 400; text-align: justify;\"><span style=\"font-weight: 400;\">Columnist of the BIT Magazine, of the Chilean Chamber of Construction (2019).<\/span><\/li>\n<li style=\"font-weight: 400; text-align: justify;\"><span style=\"font-weight: 400;\">Speaker of the Chilean Society of Construction Law (2019).<\/span><\/li>\n<li style=\"font-weight: 400; text-align: justify;\"><span style=\"font-weight: 400;\">Speaker of the Contractor Meeting. Chilean Chamber of Construction (2018).<\/span><\/li>\n<li style=\"font-weight: 400; text-align: justify;\"><span style=\"font-weight: 400;\">Invited by the IDIEM of the University of Chile to speak on arbitration (2018 &#8211; 2019).<\/span><\/li>\n<li style=\"font-weight: 400; text-align: justify;\"><span style=\"font-weight: 400;\">Professor of Arbitration, Universidad Mayor (since 2019).<\/span><\/li>\n<li style=\"font-weight: 400; text-align: justify;\"><span style=\"font-weight: 400;\">Professor at Universidad Alberto Hurtado, \u201cThe Construction Contract before the Civil Law\u201d course (since 2018).<\/span><\/li>\n<li style=\"font-weight: 400; text-align: justify;\"><span style=\"font-weight: 400;\">Professor at Universidad Diego Portales, \u201cThe Construction Contract before the Civil Law\u201d course (since 2015).<\/span><\/li>\n<li style=\"font-weight: 400; text-align: justify;\"><span style=\"font-weight: 400;\">Professor of Contracts and Torts, Universidad Diego Portales, (2013-2015).<\/span><\/li>\n<li style=\"font-weight: 400; text-align: justify;\"><span style=\"font-weight: 400;\">Professor of Civil Law, Pontificia Universidad Cat\u00f3lica de Chile (2006-2008).<\/span><\/li>\n<li style=\"font-weight: 400; text-align: justify;\"><span style=\"font-weight: 400;\">Member of the Dispute Resolution Board Foundation.<\/span><\/li>\n<li style=\"font-weight: 400; text-align: justify;\"><span style=\"font-weight: 400;\">Member of the Chilean Bar Association.<\/span><\/li>\n<\/ul>\n<p style=\"text-align: justify;\">\n<p>[\/et_pb_text][et_pb_text _builder_version=\u00bb4.16&#8243; global_colors_info=\u00bb{}\u00bb][\/et_pb_text][\/et_pb_column][et_pb_column type=\u00bb1_3&#8243; _builder_version=\u00bb4.16&#8243; custom_padding=\u00bb|||\u00bb global_colors_info=\u00bb{}\u00bb custom_padding__hover=\u00bb|||\u00bb][et_pb_text _builder_version=\u00bb4.16&#8243; custom_padding=\u00bb|||45px\u00bb border_color_all=\u00bb#002E6D\u00bb border_width_left=\u00bb3px\u00bb global_colors_info=\u00bb{}\u00bb]<\/p>\n<h4 style=\"text-align: justify;\"><b>Practice<\/b><\/h4>\n<ul style=\"text-align: justify;\">\n<li style=\"font-weight: 400;\"><span style=\"font-weight: 400;\">Projects.<\/span><\/li>\n<li><span>Engineering and construction.<\/span><\/li>\n<li style=\"text-align: justify;\"><span>Project\u2019s disputes (Claims, litigation and arbitration), including disputes related to the operation of projects.<\/span><span style=\"font-weight: 400;\"><\/span><\/li>\n<\/ul>\n<h4 style=\"text-align: justify;\"><b>Education<\/b><\/h4>\n<ul style=\"text-align: justify;\">\n<li style=\"font-weight: 400;\"><span style=\"font-weight: 400;\">LL.M., University of California, Berkeley (<\/span><i><span style=\"font-weight: 400;\">cum laude<\/span><\/i><span style=\"font-weight: 400;\">, 2012).<\/span><\/li>\n<li style=\"font-weight: 400;\"><span style=\"font-weight: 400;\">Certificate in Contracts and Torts Law, Pontificia Universidad Cat\u00f3lica de Chile (<\/span><i><span style=\"font-weight: 400;\">summa cum laude<\/span><\/i><span style=\"font-weight: 400;\">, 2005).<\/span><\/li>\n<li style=\"font-weight: 400;\">Derecho. Pontificia Universidad Cat\u00f3lica de Chile (<i style=\"font-size: 14px;\"><span>summa cum laude<\/span><\/i><span style=\"font-weight: 400;\">, 2005).\u00a0<\/span><\/li>\n<\/ul>\n<p style=\"text-align: justify;\"><span style=\"font-weight: 400;\"><\/span><\/p>\n<h4 style=\"text-align: justify;\"><strong><b>Admissions<\/b><br \/><\/strong><\/h4>\n<ul style=\"text-align: justify;\">\n<li>Chile.<\/li>\n<\/ul>\n<h4 style=\"text-align: justify;\"><b>Languages<\/b><\/h4>\n<ul style=\"text-align: justify;\">\n<li style=\"font-weight: 400;\"><span style=\"font-weight: 400;\">Spanish.<\/span><\/li>\n<li style=\"font-weight: 400;\"><span style=\"font-weight: 400;\">English.<\/span><\/li>\n<\/ul>\n<h4 style=\"text-align: justify;\"><\/h4>\n<ul style=\"text-align: justify;\"><\/ul>\n<p>[\/et_pb_text][\/et_pb_column][\/et_pb_row][\/et_pb_section]<\/p>\n","protected":false},"excerpt":{"rendered":"<p>CRISTI\u00c1N URZ\u00daA Partner +56994333848 \/ +56224709721 curzua@urzuaabogados.com Cristi\u00e1n Urz\u00faa\u2019s practice focuses on projects, construction and engineering law, including its disputes (claims, litigation and arbitration, in all the stages of a project, including its operation). He advises owners and contractors in infrastructure projects, engineering and construction, from the idea of \u200b\u200bdeveloping a project through the preparation [&hellip;]<\/p>\n","protected":false},"author":1,"featured_media":0,"parent":0,"menu_order":0,"comment_status":"closed","ping_status":"closed","template":"","meta":{"_et_pb_use_builder":"on","_et_pb_old_content":"","_et_gb_content_width":"","footnotes":""},"class_list":["post-363","page","type-page","status-publish","hentry"],"_links":{"self":[{"href":"https:\/\/urzuaabogados.com\/index.php?rest_route=\/wp\/v2\/pages\/363","targetHints":{"allow":["GET"]}}],"collection":[{"href":"https:\/\/urzuaabogados.com\/index.php?rest_route=\/wp\/v2\/pages"}],"about":[{"href":"https:\/\/urzuaabogados.com\/index.php?rest_route=\/wp\/v2\/types\/page"}],"author":[{"embeddable":true,"href":"https:\/\/urzuaabogados.com\/index.php?rest_route=\/wp\/v2\/users\/1"}],"replies":[{"embeddable":true,"href":"https:\/\/urzuaabogados.com\/index.php?rest_route=%2Fwp%2Fv2%2Fcomments&post=363"}],"version-history":[{"count":55,"href":"https:\/\/urzuaabogados.com\/index.php?rest_route=\/wp\/v2\/pages\/363\/revisions"}],"predecessor-version":[{"id":2542,"href":"https:\/\/urzuaabogados.com\/index.php?rest_route=\/wp\/v2\/pages\/363\/revisions\/2542"}],"wp:attachment":[{"href":"https:\/\/urzuaabogados.com\/index.php?rest_route=%2Fwp%2Fv2%2Fmedia&parent=363"}],"curies":[{"name":"wp","href":"https:\/\/api.w.org\/{rel}","templated":true}]}}