{"id":296,"date":"2019-02-28T23:56:57","date_gmt":"2019-02-28T23:56:57","guid":{"rendered":"http:\/\/urzuamatute.cl\/?page_id=296"},"modified":"2022-08-16T11:49:14","modified_gmt":"2022-08-16T11:49:14","slug":"litigios-arbitrajes","status":"publish","type":"page","link":"https:\/\/urzuaabogados.com\/?page_id=296","title":{"rendered":"CONTROVERSIAS DE PROYECTOS"},"content":{"rendered":"<p>[et_pb_section fb_built=\u00bb1&#8243; admin_label=\u00bbPage Title Section\u00bb _builder_version=\u00bb4.16&#8243; use_background_color_gradient=\u00bbon\u00bb background_color_gradient_stops=\u00bb#313e47 0%|rgba(49,62,71,0.12) 100%\u00bb background_color_gradient_overlays_image=\u00bbon\u00bb background_color_gradient_start=\u00bb#313e47&#8243; background_color_gradient_end=\u00bbrgba(49,62,71,0.12)\u00bb background_image=\u00bbhttps:\/\/urzuaabogados.com\/wp-content\/uploads\/2019\/03\/a-classic-chess-board-game-as-a-banner-PAXMEHY.jpg\u00bb custom_padding=\u00bb183px||168px||false|false\u00bb global_colors_info=\u00bb{}\u00bb][et_pb_row admin_label=\u00bbPage Title Area\u00bb _builder_version=\u00bb4.16&#8243; background_size=\u00bbinitial\u00bb background_position=\u00bbtop_left\u00bb background_repeat=\u00bbrepeat\u00bb custom_padding=\u00bb0|0px|0|0px|false|false\u00bb global_colors_info=\u00bb{}\u00bb custom_margin=\u00bb|auto|42px|auto||\u00bb][et_pb_column type=\u00bb4_4&#8243; _builder_version=\u00bb4.16&#8243; custom_padding=\u00bb|||\u00bb global_colors_info=\u00bb{}\u00bb custom_padding__hover=\u00bb|||\u00bb][et_pb_text admin_label=\u00bbPage Title\u00bb _builder_version=\u00bb4.18.0&#8243; text_font=\u00bb||||||||\u00bb text_text_color=\u00bb#ffffff\u00bb text_font_size=\u00bb18px\u00bb text_line_height=\u00bb2em\u00bb header_font=\u00bbPrata||||||||\u00bb header_font_size=\u00bb60px\u00bb header_line_height=\u00bb1.6em\u00bb header_3_font=\u00bb||||||||\u00bb header_3_line_height=\u00bb1.8em\u00bb text_orientation=\u00bbcenter\u00bb background_layout=\u00bbdark\u00bb max_width=\u00bb700px\u00bb module_alignment=\u00bbcenter\u00bb custom_margin=\u00bb32px||10px|||\u00bb animation_style=\u00bbfade\u00bb hover_enabled=\u00bb0&#8243; header_font_size_tablet=\u00bb40px\u00bb header_font_size_phone=\u00bb\u00bb header_font_size_last_edited=\u00bbon|desktop\u00bb global_colors_info=\u00bb{}\u00bb sticky_enabled=\u00bb0&#8243;]<img loading=\"lazy\" decoding=\"async\" src=\"https:\/\/urzuaabogados.com\/wp-content\/uploads\/2022\/08\/Sin-titulo-1.png\" width=\"565\" height=\"180\" alt=\"\" class=\"wp-image-1017 aligncenter size-full\" \/>[\/et_pb_text][\/et_pb_column][\/et_pb_row][\/et_pb_section][et_pb_section fb_built=\u00bb1&#8243; admin_label=\u00bbPractice Section\u00bb _builder_version=\u00bb4.16&#8243; custom_padding=\u00bb39px||110px||false|false\u00bb animation_style=\u00bbfade\u00bb global_colors_info=\u00bb{}\u00bb][et_pb_row column_structure=\u00bb1_3,2_3&#8243; _builder_version=\u00bb4.16&#8243; max_width=\u00bb1200px\u00bb animation_style=\u00bbslide\u00bb animation_direction=\u00bbleft\u00bb border_color_all=\u00bb#002e6d\u00bb use_custom_width=\u00bbon\u00bb custom_width_px=\u00bb1200px\u00bb global_colors_info=\u00bb{}\u00bb][et_pb_column type=\u00bb1_3&#8243; _builder_version=\u00bb4.16&#8243; custom_padding=\u00bb|||\u00bb global_colors_info=\u00bb{}\u00bb custom_padding__hover=\u00bb|||\u00bb][et_pb_image src=\u00bbhttps:\/\/urzuaabogados.com\/wp-content\/uploads\/2021\/04\/working-gravel-crusher-industrial-background-PF9PMR8.png\u00bb title_text=\u00bbworking-gravel-crusher-industrial-background-PF9PMR8&#8243; align_tablet=\u00bbcenter\u00bb align_phone=\u00bb\u00bb align_last_edited=\u00bbon|desktop\u00bb _builder_version=\u00bb4.16&#8243; custom_margin=\u00bb28px||\u00bb global_colors_info=\u00bb{}\u00bb][\/et_pb_image][\/et_pb_column][et_pb_column type=\u00bb2_3&#8243; _builder_version=\u00bb4.16&#8243; custom_padding=\u00bb|||\u00bb global_colors_info=\u00bb{}\u00bb custom_padding__hover=\u00bb|||\u00bb][et_pb_text _builder_version=\u00bb4.16&#8243; global_colors_info=\u00bb{}\u00bb]<\/p>\n<h4 style=\"text-align: justify;\"><strong>CONTROVERSIAS EN MATERIA DE PROYECTOS, INGENIER\u00cdA Y CONSTRUCCI\u00d3N\u00a0<\/strong><\/h4>\n<div dir=\"ltr\" style=\"text-align: justify;\">\n<div dir=\"ltr\">\n<p><span style=\"font-weight: 400;\">Asociada a nuestra pr\u00e1ctica de proyectos, ingenier\u00eda y construcci\u00f3n, tenemos experiencia en m\u00e1s de una treintena de litigios y arbitrajes de la industria, adem\u00e1s de otras tantas reclamaciones prejudiciales.<\/span><span style=\"font-size: 14px; text-align: justify;\">\u00a0<\/span><\/p>\n<p><span style=\"font-weight: 400;\">Hemos representado a mandantes, constructoras y empresas de ingenier\u00eda en esos procesos, lo que nos permite tener un conocimiento transversal de la forma en que cada cual piensa, act\u00faa y debe ejercer sus derechos.<\/span><span style=\"font-size: 14px; text-align: justify;\">\u00a0<\/span><\/p>\n<p><span style=\"font-weight: 400;\">Conocemos adem\u00e1s a profundidad c\u00f3mo se preparan estos pleitos, en cuanto a la generaci\u00f3n de evidencia temprana, \u00fatil y trazable.<\/span><\/p>\n<p><span style=\"font-weight: 400;\">Al mismo tiempo, tenemos claridad de c\u00f3mo se trabaja con los expertos, en el sentido de la necesidad de apoyo externo forense y\/o pericial para la preparaci\u00f3n del caso, como la necesidad de informes de parte y peritos del \u00e1rbitro. Tenemos alta experiencia en audiencias de interrogaci\u00f3n de peritos y sabemos trabajar con ingenieros, conocemos su lenguaje y forma de trabajo. Ni los m\u00e9todos de determinaci\u00f3n de impacto en plazo, ni aquellos referido a costo y alcance, nos son ajenos, sino que, por el contrario, los conocemos y logramos dialogar colaborativamente con el equipo t\u00e9cnico.<\/span><\/p>\n<p style=\"text-align: justify;\">\n<\/div>\n<\/div>\n<p>[\/et_pb_text][\/et_pb_column][\/et_pb_row][et_pb_row _builder_version=\u00bb4.16&#8243; _module_preset=\u00bbdefault\u00bb global_colors_info=\u00bb{}\u00bb][et_pb_column type=\u00bb4_4&#8243; _builder_version=\u00bb4.16&#8243; _module_preset=\u00bbdefault\u00bb global_colors_info=\u00bb{}\u00bb][et_pb_testimonial author=\u00bbLegal 500&#8243; portrait_url=\u00bbhttps:\/\/urzuaabogados.com\/wp-content\/uploads\/2021\/04\/leading-150-150.png\u00bb portrait_width=\u00bb100px\u00bb portrait_height=\u00bb150px\u00bb _builder_version=\u00bb4.16&#8243; _module_preset=\u00bbdefault\u00bb global_colors_info=\u00bb{}\u00bb]<\/p>\n<p><i><span style=\"font-weight: 400;\">\u201cThe Urz\u00faa team, and in particular Cristi\u00e1n Urz\u00faa, is a team with great expertise in infrastructure projects and related litigation. They stand out for their pragmatism and creativity in delivering solutions. It is a team that provides excellent advice both in the negotiation phase and in claims and arbitrations derived from engineering and construction contracts.\u201d<\/span><\/i><\/p>\n<p>[\/et_pb_testimonial][\/et_pb_column][\/et_pb_row][et_pb_row column_structure=\u00bb2_3,1_3&#8243; _builder_version=\u00bb4.16&#8243; animation_style=\u00bbslide\u00bb animation_direction=\u00bbleft\u00bb border_width_bottom=\u00bb1px\u00bb global_colors_info=\u00bb{}\u00bb][et_pb_column type=\u00bb2_3&#8243; _builder_version=\u00bb4.16&#8243; custom_padding=\u00bb|||\u00bb global_colors_info=\u00bb{}\u00bb custom_padding__hover=\u00bb|||\u00bb][et_pb_text _builder_version=\u00bb4.16&#8243; global_colors_info=\u00bb{}\u00bb]<\/p>\n<h4><strong><b>LITIGACI\u00d3N ADMINISTRATIVA, ASOCIADA A AL DISE\u00d1O, CONSTRUCCI\u00d3N Y OPERACI\u00d3N DE PROYECTOS<\/b><\/strong><\/h4>\n<p><strong><\/strong><\/p>\n<p style=\"text-align: justify;\"><span style=\"font-weight: 400;\">Asesoramos en procedimientos de reclamaci\u00f3n, fiscalizaci\u00f3n y sancionatorios y en los procedimientos judiciales asociados a aquellos, que surjan en relaci\u00f3n a los inconvenientes durante la ejecuci\u00f3n de la ejecuci\u00f3n de proyectos. Al mismo tiempo, ante la Contralor\u00eda General de la Rep\u00fablica.<\/span><\/p>\n<p>[\/et_pb_text][\/et_pb_column][et_pb_column type=\u00bb1_3&#8243; _builder_version=\u00bb4.16&#8243; _module_preset=\u00bbdefault\u00bb global_colors_info=\u00bb{}\u00bb][et_pb_image src=\u00bbhttps:\/\/urzuaabogados.com\/wp-content\/uploads\/2019\/03\/columns-PS8KCUS.jpg\u00bb align_tablet=\u00bbcenter\u00bb align_phone=\u00bb\u00bb align_last_edited=\u00bbon|desktop\u00bb _builder_version=\u00bb4.16&#8243; global_colors_info=\u00bb{}\u00bb][\/et_pb_image][\/et_pb_column][\/et_pb_row][et_pb_row column_structure=\u00bb1_3,2_3&#8243; _builder_version=\u00bb4.16&#8243; animation_style=\u00bbslide\u00bb animation_direction=\u00bbleft\u00bb border_width_bottom=\u00bb1px\u00bb border_color_bottom=\u00bb#002e6d\u00bb global_colors_info=\u00bb{}\u00bb][et_pb_column type=\u00bb1_3&#8243; _builder_version=\u00bb4.16&#8243; custom_padding=\u00bb|||\u00bb global_colors_info=\u00bb{}\u00bb custom_padding__hover=\u00bb|||\u00bb][et_pb_image src=\u00bbhttps:\/\/urzuaabogados.com\/wp-content\/uploads\/2019\/02\/park-lauca-landscape-P8D6TCL.jpg\u00bb align_tablet=\u00bbcenter\u00bb align_phone=\u00bb\u00bb align_last_edited=\u00bbon|desktop\u00bb _builder_version=\u00bb4.16&#8243; custom_margin=\u00bb33px||\u00bb global_colors_info=\u00bb{}\u00bb][\/et_pb_image][\/et_pb_column][et_pb_column type=\u00bb2_3&#8243; _builder_version=\u00bb4.16&#8243; custom_padding=\u00bb|||\u00bb global_colors_info=\u00bb{}\u00bb custom_padding__hover=\u00bb|||\u00bb][et_pb_text _builder_version=\u00bb4.16&#8243; global_colors_info=\u00bb{}\u00bb]<\/p>\n<h4 style=\"text-align: justify;\"><b>CONTROVERSIAS AMBIENTALES Y SU PREVENCI\u00d3N, ASOCIADAS AL DISE\u00d1O, CONSTRUCCI\u00d3N Y OPERACI\u00d3N DE PROYECTOS<\/b><\/h4>\n<p style=\"text-align: justify;\"><span style=\"font-weight: 400;\">Apoyamos a nuestros clientes en la prevenci\u00f3n temprana de controversias ambientales, la administraci\u00f3n de \u00e9stas o, en su caso, su litigaci\u00f3n administrativa o judicial, todo, en relaci\u00f3n a proyectos en ejecuci\u00f3n.<\/span><\/p>\n<p style=\"text-align: justify;\">\n<p style=\"text-align: justify;\"><span style=\"font-weight: 400;\">Nuestro socio Cristi\u00e1n Urz\u00faa fue parte del equipo de Celulosa Arauco y Constituci\u00f3n, en los litigios ambientales m\u00e1s grandes de la historia de Chile.<\/span><\/p>\n<p style=\"text-align: justify;\">\n<p style=\"text-align: justify;\"><span style=\"font-weight: 400;\">Asimismo, hemos participado en controversias entre partes de contratos de construcci\u00f3n, asociados al ejercicios de cl\u00e1usulas de defensa e indemnidad en materia de infracciones ambientales.<\/span><\/p>\n<p>[\/et_pb_text][\/et_pb_column][\/et_pb_row][et_pb_row column_structure=\u00bb2_3,1_3&#8243; _builder_version=\u00bb4.16&#8243; animation_style=\u00bbslide\u00bb animation_direction=\u00bbleft\u00bb border_width_top=\u00bb1px\u00bb border_width_bottom=\u00bb1px\u00bb global_colors_info=\u00bb{}\u00bb][et_pb_column type=\u00bb2_3&#8243; _builder_version=\u00bb4.16&#8243; custom_padding=\u00bb|||\u00bb global_colors_info=\u00bb{}\u00bb custom_padding__hover=\u00bb|||\u00bb][et_pb_text _builder_version=\u00bb4.16&#8243; global_colors_info=\u00bb{}\u00bb]<\/p>\n<h4 style=\"text-align: justify;\"><b>CONTROVERSIAS DE LA ENERG\u00cdA Y\u00a0PREVENCI\u00d3N ASOCIADAS AL DISE\u00d1O, CONSTRUCCI\u00d3N Y OPERACI\u00d3N DE SUS INSTALACIONES<\/b><\/h4>\n<p style=\"text-align: justify;\"><span style=\"font-weight: 400;\">URZ\u00daA Abogados tiene experiencia en complejas disputas arbitrales relacionadas con el sector de la energ\u00eda.<\/span><\/p>\n<p style=\"text-align: justify;\"><span style=\"font-weight: 400;\">Durante el transcurso de su carrera Cristi\u00e1n Urz\u00faa ha asesorado a diversas empresas de energ\u00eda (generaci\u00f3n,\u00a0 distribuci\u00f3n y transmisi\u00f3n) en la defensa de sus intereses.<\/span><\/p>\n<p style=\"text-align: justify;\"><span style=\"font-weight: 400;\">Tenemos en nuestro track record m\u00e1s de 2.000 kil\u00f3metros de l\u00edneas, decenas de subestaciones y otras tantas plantas solares y e\u00f3licas.<\/span><\/p>\n<p style=\"text-align: justify;\">\n<p>[\/et_pb_text][\/et_pb_column][et_pb_column type=\u00bb1_3&#8243; _builder_version=\u00bb4.16&#8243; custom_padding=\u00bb|||\u00bb global_colors_info=\u00bb{}\u00bb custom_padding__hover=\u00bb|||\u00bb][et_pb_image src=\u00bbhttps:\/\/urzuaabogados.com\/wp-content\/uploads\/2019\/02\/the-solar-energy-JFELHT4.jpg\u00bb align_tablet=\u00bbcenter\u00bb align_phone=\u00bb\u00bb align_last_edited=\u00bbon|desktop\u00bb _builder_version=\u00bb4.16&#8243; global_colors_info=\u00bb{}\u00bb][\/et_pb_image][\/et_pb_column][\/et_pb_row][et_pb_row column_structure=\u00bb1_3,2_3&#8243; _builder_version=\u00bb4.16&#8243; animation_style=\u00bbslide\u00bb animation_direction=\u00bbright\u00bb border_width_bottom=\u00bb1px\u00bb border_color_bottom=\u00bb#002e6d\u00bb global_colors_info=\u00bb{}\u00bb][et_pb_column type=\u00bb1_3&#8243; _builder_version=\u00bb4.16&#8243; custom_padding=\u00bb|||\u00bb global_colors_info=\u00bb{}\u00bb custom_padding__hover=\u00bb|||\u00bb][et_pb_image src=\u00bbhttps:\/\/urzuaabogados.com\/wp-content\/uploads\/2019\/02\/farm-salmon-fishing-PKVJ3AG.jpg\u00bb align_tablet=\u00bbcenter\u00bb align_phone=\u00bb\u00bb align_last_edited=\u00bbon|desktop\u00bb _builder_version=\u00bb4.16&#8243; global_colors_info=\u00bb{}\u00bb][\/et_pb_image][\/et_pb_column][et_pb_column type=\u00bb2_3&#8243; _builder_version=\u00bb4.16&#8243; custom_padding=\u00bb|||\u00bb global_colors_info=\u00bb{}\u00bb custom_padding__hover=\u00bb|||\u00bb][et_pb_text _builder_version=\u00bb4.16&#8243; global_colors_info=\u00bb{}\u00bb]<\/p>\n<h4 style=\"text-align: justify;\"><b>CONTROVERSIAS ACU\u00cdCOLAS Y\u00a0PREVENCI\u00d3N, ASOCIADAS AL DISE\u00d1O, CONSTRUCCI\u00d3N Y OPERACI\u00d3N DE SUS INSTALACIONES<\/b><\/h4>\n<p style=\"text-align: justify;\"><span style=\"font-weight: 400;\">Tenemos experiencia en el dise\u00f1o y construcci\u00f3n de instalaciones productivas acu\u00edcolas y, dentro de ello, las controversias asociadas a una indebida construcci\u00f3n o errado dise\u00f1o de ellos, y los da\u00f1os que aquello puede provocar.<\/span><\/p>\n<p style=\"text-align: justify;\"><span style=\"font-weight: 400;\">Conocemos con detalle el negocio y los da\u00f1os que una indebida construcci\u00f3n puede causar y, por ende, apoyamos no solo en las controversias sino que, especialmente, en la generaci\u00f3n de sistemas de prevenci\u00f3n y manejo de crisis.<\/span><\/p>\n<p>[\/et_pb_text][\/et_pb_column][\/et_pb_row][et_pb_row column_structure=\u00bb2_3,1_3&#8243; _builder_version=\u00bb4.16&#8243; animation_style=\u00bbslide\u00bb animation_direction=\u00bbright\u00bb border_color_all=\u00bb#002E6D\u00bb border_width_bottom=\u00bb1px\u00bb global_colors_info=\u00bb{}\u00bb][et_pb_column type=\u00bb2_3&#8243; _builder_version=\u00bb4.16&#8243; custom_padding=\u00bb|||\u00bb global_colors_info=\u00bb{}\u00bb custom_padding__hover=\u00bb|||\u00bb][et_pb_text _builder_version=\u00bb4.16&#8243; global_colors_info=\u00bb{}\u00bb]<\/p>\n<h4 style=\"text-align: justify;\"><b>RESPONSABILIDAD CIVIL, ASOCIADA AL DISE\u00d1O, CONSTRUCCI\u00d3N Y OPERACI\u00d3N DE PROYECTOS<\/b><\/h4>\n<p style=\"text-align: justify;\"><strong><\/strong><\/p>\n<p style=\"text-align: justify;\"><span style=\"font-weight: 400;\">Apoyamos a nuestros clientes en los potenciales inconvenientes que surjan por los da\u00f1os que se podr\u00edan haber provocado a terceros durante la ejecuci\u00f3n de sus proyectos y, adem\u00e1s, la operaci\u00f3n de ellos. No es poco com\u00fan que comunidades reclamen en contra de los proyectos y, de otro lado, tampoco que ocurran accidentes durante la construcci\u00f3n que potencialmente generen responsabilidades.<\/span><\/p>\n<p style=\"text-align: justify;\"><span style=\"font-weight: 400;\">En ese sentido, conocemos a plenitud el concepto de da\u00f1os y perjuicios indemnizables, apoyamos al cliente en el proceso de c\u00e1lculo del mismo y proponemos estrategias adecuadas al caso concreto.<\/span><\/p>\n<p style=\"text-align: justify;\"><span style=\"font-weight: 400;\">Finalmente, preparamos opiniones legales sobre estas materias, especialmente, respecto de responsabilidad profesional del constructor y el dise\u00f1ador.<\/span><\/p>\n<p style=\"text-align: justify;\">\n<p style=\"text-align: justify;\">\n<p style=\"text-align: justify;\">\n<p>[\/et_pb_text][\/et_pb_column][et_pb_column type=\u00bb1_3&#8243; _builder_version=\u00bb4.16&#8243; custom_padding=\u00bb|||\u00bb global_colors_info=\u00bb{}\u00bb custom_padding__hover=\u00bb|||\u00bb][et_pb_image src=\u00bbhttps:\/\/urzuaabogados.com\/wp-content\/uploads\/2019\/03\/ancient-roman-epigraph-inscription-located-in-PV2LFPW.jpg\u00bb align_tablet=\u00bbcenter\u00bb align_phone=\u00bb\u00bb align_last_edited=\u00bbon|desktop\u00bb _builder_version=\u00bb4.16&#8243; global_colors_info=\u00bb{}\u00bb][\/et_pb_image][\/et_pb_column][\/et_pb_row][\/et_pb_section]<\/p>\n","protected":false},"excerpt":{"rendered":"<p>CONTROVERSIAS EN MATERIA DE PROYECTOS, INGENIER\u00cdA Y CONSTRUCCI\u00d3N\u00a0 Asociada a nuestra pr\u00e1ctica de proyectos, ingenier\u00eda y construcci\u00f3n, tenemos experiencia en m\u00e1s de una treintena de litigios y arbitrajes de la industria, adem\u00e1s de otras tantas reclamaciones prejudiciales.\u00a0 Hemos representado a mandantes, constructoras y empresas de ingenier\u00eda en esos procesos, lo que nos permite tener un [&hellip;]<\/p>\n","protected":false},"author":1,"featured_media":0,"parent":93,"menu_order":0,"comment_status":"closed","ping_status":"closed","template":"","meta":{"_et_pb_use_builder":"on","_et_pb_old_content":"","_et_gb_content_width":"","footnotes":""},"class_list":["post-296","page","type-page","status-publish","hentry"],"_links":{"self":[{"href":"https:\/\/urzuaabogados.com\/index.php?rest_route=\/wp\/v2\/pages\/296","targetHints":{"allow":["GET"]}}],"collection":[{"href":"https:\/\/urzuaabogados.com\/index.php?rest_route=\/wp\/v2\/pages"}],"about":[{"href":"https:\/\/urzuaabogados.com\/index.php?rest_route=\/wp\/v2\/types\/page"}],"author":[{"embeddable":true,"href":"https:\/\/urzuaabogados.com\/index.php?rest_route=\/wp\/v2\/users\/1"}],"replies":[{"embeddable":true,"href":"https:\/\/urzuaabogados.com\/index.php?rest_route=%2Fwp%2Fv2%2Fcomments&post=296"}],"version-history":[{"count":59,"href":"https:\/\/urzuaabogados.com\/index.php?rest_route=\/wp\/v2\/pages\/296\/revisions"}],"predecessor-version":[{"id":2006,"href":"https:\/\/urzuaabogados.com\/index.php?rest_route=\/wp\/v2\/pages\/296\/revisions\/2006"}],"up":[{"embeddable":true,"href":"https:\/\/urzuaabogados.com\/index.php?rest_route=\/wp\/v2\/pages\/93"}],"wp:attachment":[{"href":"https:\/\/urzuaabogados.com\/index.php?rest_route=%2Fwp%2Fv2%2Fmedia&parent=296"}],"curies":[{"name":"wp","href":"https:\/\/api.w.org\/{rel}","templated":true}]}}