{"id":289,"date":"2019-02-28T23:50:25","date_gmt":"2019-02-28T23:50:25","guid":{"rendered":"http:\/\/urzuamatute.cl\/?page_id=289"},"modified":"2022-01-21T11:18:53","modified_gmt":"2022-01-21T11:18:53","slug":"289-2","status":"publish","type":"page","link":"https:\/\/urzuaabogados.com\/?page_id=289","title":{"rendered":"INGENIER\u00cdA Y CONSTRUCCI\u00d3N"},"content":{"rendered":"<p>[et_pb_section fb_built=\u00bb1&#8243; admin_label=\u00bbPage Title Section\u00bb _builder_version=\u00bb3.22&#8243; use_background_color_gradient=\u00bbon\u00bb background_color_gradient_start=\u00bb#313e47&#8243; background_color_gradient_end=\u00bbrgba(49,62,71,0.21)\u00bb background_color_gradient_overlays_image=\u00bbon\u00bb background_image=\u00bbhttps:\/\/urzuaabogados.com\/wp-content\/uploads\/2019\/03\/road-construction-in-mountains-himalayas-PEDFHU2.jpg\u00bb custom_padding=\u00bb124px||124px||true|false\u00bb global_colors_info=\u00bb{}\u00bb][et_pb_row admin_label=\u00bbPage Title Area\u00bb _builder_version=\u00bb3.25&#8243; background_size=\u00bbinitial\u00bb background_position=\u00bbtop_left\u00bb background_repeat=\u00bbrepeat\u00bb global_colors_info=\u00bb{}\u00bb][et_pb_column type=\u00bb4_4&#8243; _builder_version=\u00bb3.25&#8243; custom_padding=\u00bb|||\u00bb global_colors_info=\u00bb{}\u00bb custom_padding__hover=\u00bb|||\u00bb][et_pb_text admin_label=\u00bbPage Title\u00bb _builder_version=\u00bb3.27.4&#8243; text_font=\u00bb||||||||\u00bb text_text_color=\u00bb#ffffff\u00bb text_font_size=\u00bb1px\u00bb text_line_height=\u00bb2em\u00bb header_font=\u00bbPrata||||||||\u00bb header_font_size=\u00bb60px\u00bb header_line_height=\u00bb1.6em\u00bb header_3_font=\u00bb||||||||\u00bb header_3_line_height=\u00bb1.8em\u00bb text_orientation=\u00bbcenter\u00bb background_layout=\u00bbdark\u00bb max_width=\u00bb708px\u00bb module_alignment=\u00bbcenter\u00bb custom_margin=\u00bb||10px|\u00bb animation_style=\u00bbfade\u00bb header_font_size_tablet=\u00bb40px\u00bb header_font_size_phone=\u00bb\u00bb header_font_size_last_edited=\u00bbon|desktop\u00bb global_colors_info=\u00bb{}\u00bb]<img loading=\"lazy\" decoding=\"async\" src=\"https:\/\/urzuaabogados.com\/wp-content\/uploads\/2019\/03\/Proyectos-Ingenier\u00eda-y-Construcci\u00f3n.png\" width=\"565\" height=\"235\" alt=\"\" class=\"wp-image-1004 aligncenter size-full\" srcset=\"https:\/\/urzuaabogados.com\/wp-content\/uploads\/2019\/03\/Proyectos-Ingenier\u00eda-y-Construcci\u00f3n.png 565w, https:\/\/urzuaabogados.com\/wp-content\/uploads\/2019\/03\/Proyectos-Ingenier\u00eda-y-Construcci\u00f3n-300x125.png 300w\" sizes=\"(max-width: 565px) 100vw, 565px\" \/>[\/et_pb_text][\/et_pb_column][\/et_pb_row][\/et_pb_section][et_pb_section fb_built=\u00bb1&#8243; admin_label=\u00bbPractice Section\u00bb _builder_version=\u00bb3.22&#8243; custom_padding=\u00bb53px||110px||false|false\u00bb animation_style=\u00bbfade\u00bb global_colors_info=\u00bb{}\u00bb][et_pb_row _builder_version=\u00bb4.9.2&#8243; _module_preset=\u00bbdefault\u00bb global_colors_info=\u00bb{}\u00bb][et_pb_column type=\u00bb4_4&#8243; _builder_version=\u00bb4.9.2&#8243; _module_preset=\u00bbdefault\u00bb global_colors_info=\u00bb{}\u00bb][et_pb_testimonial author=\u00bbLegal 500&#8243; portrait_url=\u00bbhttps:\/\/urzuaabogados.com\/wp-content\/uploads\/2021\/04\/leading-150-150.png\u00bb portrait_width=\u00bb100px\u00bb portrait_height=\u00bb150px\u00bb _builder_version=\u00bb4.14.7&#8243; _module_preset=\u00bbdefault\u00bb hover_enabled=\u00bb0&#8243; global_colors_info=\u00bb{}\u00bb sticky_enabled=\u00bb0&#8243;]<\/p>\n<p style=\"text-align: justify;\"><em>\u00abBoutique law firm Urz\u00faa  Abogados is consistently involved in relevant projects in the mining, aquaculture, and energy generation and transmission segments, among others. It is typically involved in the construction and practical development aspect and associated contracts, rather than on the project finance front. Experienced name partner Cristi\u00e1n Urz\u00faa is a projects, engineering and construction specialist, who also handles the full range of associated contentious matters.\u00bb<\/em><\/p>\n<p style=\"text-align: right;\">\n<p>[\/et_pb_testimonial][\/et_pb_column][\/et_pb_row][et_pb_row column_structure=\u00bb1_3,2_3&#8243; _builder_version=\u00bb3.25&#8243; animation_style=\u00bbslide\u00bb animation_direction=\u00bbright\u00bb border_width_bottom=\u00bb1px\u00bb border_color_bottom=\u00bb#002e6d\u00bb global_colors_info=\u00bb{}\u00bb][et_pb_column type=\u00bb1_3&#8243; _builder_version=\u00bb3.25&#8243; custom_padding=\u00bb|||\u00bb global_colors_info=\u00bb{}\u00bb custom_padding__hover=\u00bb|||\u00bb][et_pb_image src=\u00bbhttps:\/\/urzuaabogados.com\/wp-content\/uploads\/2019\/03\/atlantic-ocean-road-caravan-car-PKQQEAX.jpg\u00bb align_tablet=\u00bbcenter\u00bb align_phone=\u00bb\u00bb align_last_edited=\u00bbon|desktop\u00bb _builder_version=\u00bb3.23&#8243; global_colors_info=\u00bb{}\u00bb][\/et_pb_image][\/et_pb_column][et_pb_column type=\u00bb2_3&#8243; _builder_version=\u00bb3.25&#8243; custom_padding=\u00bb|||\u00bb global_colors_info=\u00bb{}\u00bb custom_padding__hover=\u00bb|||\u00bb][et_pb_text _builder_version=\u00bb4.9.2&#8243; global_colors_info=\u00bb{}\u00bb]<\/p>\n<h4><strong>PROYECTOS, INGENIER\u00cdA Y CONSTRUCCI\u00d3N Y SUS CONTROVERSIAS<\/strong><\/h4>\n<p style=\"text-align: justify;\">URZ\u00daA cuenta con un \u00e1rea de proyectos, ingenier\u00eda y construcci\u00f3n enfocada en la asesor\u00eda integral de proyectos, desde sus estudios preliminares (desde la pre factibilidad) y preparaci\u00f3n de los documentos contractuales (participando activamente con el cliente en esta etapa cr\u00edtica), pasando por su ejecuci\u00f3n (apoyo contractual durante la ejecuci\u00f3n del proyecto, etapa clave en el \u00e9xito del mismo) hasta la liquidaci\u00f3n y\/o, si fuese el caso, litigaci\u00f3n o arbitraje del mismo.<\/p>\n<p style=\"text-align: justify;\">Hemos sido y somos parte en diversos proyectos de infraestructura que superan los US$5 mil millones, en proyectos tan diversos como miner\u00eda, plantas de tratamiento de aguas servidas, centros comerciales, l\u00edneas de transmisi\u00f3n, parques e\u00f3licos, parques solares, subestaciones, centros de procesamiento de salmones, centrales, entre otros.<\/p>\n<p style=\"text-align: justify;\">Nuestra participaci\u00f3n y asesor\u00eda se enfoca en las etapas m\u00e1s cr\u00edticas de los proyectos, tales como la decisi\u00f3n de poner t\u00e9rmino a un contrato de ingenier\u00eda y\/o construcci\u00f3n, reemplazar al contratista, presentar o rechazar reclamos y, asimismo, dar curso o evitar el cobro de las garant\u00edas del contrato.<\/p>\n<p style=\"text-align: justify;\">Especialmente nos involucramos en la etapa de ejecuci\u00f3n del proyecto, orientando a nuestros clientes con soluciones creativas para mejorar su posici\u00f3n ante su contraparte.<\/p>\n<p style=\"text-align: justify;\">Adem\u00e1s, sabemos c\u00f3mo manejar disputas de la industria. M\u00e1s de una treintena de conflictos de ingenier\u00eda y construcci\u00f3n judicializados o en arbitraje y otras tantas reclamaciones nos avalan. Esto que nos permite tener la visi\u00f3n del \u201cd\u00eda de ma\u00f1ana\u201d, con tal de definir qu\u00e9 es lo esencial en el d\u00eda anterior, esto es, cuando se dise\u00f1a y ejecuta un proyecto, lo cual nos lleva a tener una perspectiva m\u00e1s integral y efectiva acerca de c\u00f3mo debe realizarse el apoyo contractual a proyectos.<\/p>\n<p style=\"text-align: justify;\">Finalmente, no nos enfocamos en un \u00fanico actor del mercado, asesorando transversalmente a mandantes (recurrentes y spots), contratistas de construcci\u00f3n y de ingenier\u00eda, en todo tipo de modelos de contratos.<\/p>\n<p>[\/et_pb_text][\/et_pb_column][\/et_pb_row][et_pb_row column_structure=\u00bb2_3,1_3&#8243; _builder_version=\u00bb3.25&#8243; animation_style=\u00bbslide\u00bb animation_direction=\u00bbleft\u00bb global_colors_info=\u00bb{}\u00bb][et_pb_column type=\u00bb2_3&#8243; _builder_version=\u00bb3.25&#8243; custom_padding=\u00bb|||\u00bb global_colors_info=\u00bb{}\u00bb custom_padding__hover=\u00bb|||\u00bb][et_pb_text _builder_version=\u00bb4.9.2&#8243; global_colors_info=\u00bb{}\u00bb]<\/p>\n<h4><strong>INGENIER\u00cdA Y CONSTRUCCI\u00d3N EN RELACION A PROYECTOS INMOBILIARIOS<\/strong><\/h4>\n<p style=\"text-align: justify;\"><strong><\/strong>Como consecuencia del \u00e9xito en el apoyo en proyectos de infraestructura, URZ\u00daA ha desarrollado una pr\u00e1ctica vinculada a los proyectos inmobiliarios, desde su concepci\u00f3n hasta su finalizaci\u00f3n.<\/p>\n<p style=\"text-align: justify;\">Nuestro trabajo pone \u00e9nfasis en la relaci\u00f3n entre Mandante y Contratista y, adem\u00e1s, en las controversias que surjan con las autoridades gubernamentales, tanto a nivel judicial, como a nivel contralor y, en general, en la esfera contenciosa administrativa.<\/p>\n<p>[\/et_pb_text][\/et_pb_column][et_pb_column type=\u00bb1_3&#8243; _builder_version=\u00bb3.25&#8243; custom_padding=\u00bb|||\u00bb global_colors_info=\u00bb{}\u00bb custom_padding__hover=\u00bb|||\u00bb][et_pb_image src=\u00bbhttps:\/\/urzuaabogados.com\/wp-content\/uploads\/2019\/03\/crane-construction-site-3CDTQXR.jpg\u00bb align_tablet=\u00bbcenter\u00bb align_phone=\u00bb\u00bb align_last_edited=\u00bbon|desktop\u00bb _builder_version=\u00bb3.23&#8243; global_colors_info=\u00bb{}\u00bb][\/et_pb_image][\/et_pb_column][\/et_pb_row][\/et_pb_section]<\/p>\n","protected":false},"excerpt":{"rendered":"<p>\u00abBoutique law firm Urz\u00faa Abogados is consistently involved in relevant projects in the mining, aquaculture, and energy generation and transmission segments, among others. It is typically involved in the construction and practical development aspect and associated contracts, rather than on the project finance front. Experienced name partner Cristi\u00e1n Urz\u00faa is a projects, engineering and construction [&hellip;]<\/p>\n","protected":false},"author":1,"featured_media":0,"parent":93,"menu_order":0,"comment_status":"closed","ping_status":"closed","template":"","meta":{"_et_pb_use_builder":"on","_et_pb_old_content":"","_et_gb_content_width":"","footnotes":""},"class_list":["post-289","page","type-page","status-publish","hentry"],"_links":{"self":[{"href":"https:\/\/urzuaabogados.com\/index.php?rest_route=\/wp\/v2\/pages\/289","targetHints":{"allow":["GET"]}}],"collection":[{"href":"https:\/\/urzuaabogados.com\/index.php?rest_route=\/wp\/v2\/pages"}],"about":[{"href":"https:\/\/urzuaabogados.com\/index.php?rest_route=\/wp\/v2\/types\/page"}],"author":[{"embeddable":true,"href":"https:\/\/urzuaabogados.com\/index.php?rest_route=\/wp\/v2\/users\/1"}],"replies":[{"embeddable":true,"href":"https:\/\/urzuaabogados.com\/index.php?rest_route=%2Fwp%2Fv2%2Fcomments&post=289"}],"version-history":[{"count":32,"href":"https:\/\/urzuaabogados.com\/index.php?rest_route=\/wp\/v2\/pages\/289\/revisions"}],"predecessor-version":[{"id":1695,"href":"https:\/\/urzuaabogados.com\/index.php?rest_route=\/wp\/v2\/pages\/289\/revisions\/1695"}],"up":[{"embeddable":true,"href":"https:\/\/urzuaabogados.com\/index.php?rest_route=\/wp\/v2\/pages\/93"}],"wp:attachment":[{"href":"https:\/\/urzuaabogados.com\/index.php?rest_route=%2Fwp%2Fv2%2Fmedia&parent=289"}],"curies":[{"name":"wp","href":"https:\/\/api.w.org\/{rel}","templated":true}]}}