{"id":2513,"date":"2024-05-16T16:10:04","date_gmt":"2024-05-16T16:10:04","guid":{"rendered":"https:\/\/urzuaabogados.com\/?page_id=2513"},"modified":"2024-05-16T16:10:04","modified_gmt":"2024-05-16T16:10:04","slug":"valentina-urzua","status":"publish","type":"page","link":"https:\/\/urzuaabogados.com\/?page_id=2513","title":{"rendered":"VALENTINA URZUA"},"content":{"rendered":"<p>[et_pb_section fb_built=\u00bb1&#8243; _builder_version=\u00bb4.16&#8243; global_colors_info=\u00bb{}\u00bb][et_pb_row column_structure=\u00bb2_5,3_5&#8243; _builder_version=\u00bb4.16&#8243; global_colors_info=\u00bb{}\u00bb][et_pb_column type=\u00bb2_5&#8243; _builder_version=\u00bb4.16&#8243; custom_padding=\u00bb|||\u00bb global_colors_info=\u00bb{}\u00bb custom_padding__hover=\u00bb|||\u00bb][et_pb_image src=\u00bbhttps:\/\/urzuaabogados.com\/wp-content\/uploads\/2024\/05\/Final-Valentina.png\u00bb title_text=\u00bbFinal Valentina\u00bb align_tablet=\u00bbcenter\u00bb align_phone=\u00bb\u00bb align_last_edited=\u00bbon|desktop\u00bb admin_label=\u00bbImage\u00bb _builder_version=\u00bb4.25.1&#8243; hover_enabled=\u00bb0&#8243; global_colors_info=\u00bb{}\u00bb sticky_enabled=\u00bb0&#8243;][\/et_pb_image][\/et_pb_column][et_pb_column type=\u00bb3_5&#8243; _builder_version=\u00bb4.16&#8243; custom_padding=\u00bb|||\u00bb global_colors_info=\u00bb{}\u00bb custom_padding__hover=\u00bb|||\u00bb][et_pb_text admin_label=\u00bbText\u00bb _builder_version=\u00bb4.25.1&#8243; hover_enabled=\u00bb0&#8243; global_colors_info=\u00bb{}\u00bb sticky_enabled=\u00bb0&#8243;]<\/p>\n<h2><strong>VALENTINA URZ\u00daA<\/strong><\/h2>\n<h4><\/h4>\n<p><strong><\/strong><\/p>\n<p>[\/et_pb_text][et_pb_text _builder_version=\u00bb4.25.1&#8243; hover_enabled=\u00bb0&#8243; global_colors_info=\u00bb{}\u00bb sticky_enabled=\u00bb0&#8243;]<\/p>\n<p><span class=\"icon-envelope\"> <\/span> <a href=\"mailto: VURZUA@urzuaabogados.com\">vurzua@urzuaabogados.com<\/a><\/p>\n<p>[\/et_pb_text][et_pb_text admin_label=\u00bbText\u00bb _builder_version=\u00bb4.25.1&#8243; global_colors_info=\u00bb{}\u00bb]<\/p>\n<p style=\"text-align: justify;\"><span style=\"font-weight: 400;\">Su pr\u00e1ctica se centra en proyectos, ingenier\u00eda y construcci\u00f3n y sus controversias.<\/span><\/p>\n<h4><strong style=\"font-size: 18px;\"><\/strong><\/h4>\n<h4><strong style=\"font-size: 18px;\"><\/strong><\/h4>\n<h4><strong style=\"font-size: 18px;\">Educaci\u00f3n<\/strong><strong><\/strong><\/h4>\n<ul>\n<li>Derecho, Pontificia Universidad Cat\u00f3lica<\/li>\n<\/ul>\n<h4><strong>\u00c1reas de pr\u00e1ctica<\/strong><\/h4>\n<ul>\n<li style=\"font-weight: 400;\" aria-level=\"1\"><span style=\"font-weight: 400;\">Proyectos, Ingenier\u00eda y construcci\u00f3n.<\/span><\/li>\n<li style=\"font-weight: 400;\" aria-level=\"1\"><span style=\"font-weight: 400;\">Controversias de Proyectos.<\/span><\/li>\n<\/ul>\n<h4><strong>Idiomas\u00a0<\/strong><\/h4>\n<ul>\n<li>Espa\u00f1ol.<\/li>\n<li>Ingl\u00e9s.<\/li>\n<\/ul>\n<p>[\/et_pb_text][\/et_pb_column][\/et_pb_row][\/et_pb_section]<\/p>\n","protected":false},"excerpt":{"rendered":"<p>VALENTINA URZ\u00daA vurzua@urzuaabogados.comSu pr\u00e1ctica se centra en proyectos, ingenier\u00eda y construcci\u00f3n y sus controversias. Educaci\u00f3n Derecho, Pontificia Universidad Cat\u00f3lica \u00c1reas de pr\u00e1ctica Proyectos, Ingenier\u00eda y construcci\u00f3n. Controversias de Proyectos. Idiomas\u00a0 Espa\u00f1ol. Ingl\u00e9s.<\/p>\n","protected":false},"author":1,"featured_media":0,"parent":0,"menu_order":0,"comment_status":"closed","ping_status":"closed","template":"","meta":{"_et_pb_use_builder":"on","_et_pb_old_content":"","_et_gb_content_width":"","footnotes":""},"class_list":["post-2513","page","type-page","status-publish","hentry"],"_links":{"self":[{"href":"https:\/\/urzuaabogados.com\/index.php?rest_route=\/wp\/v2\/pages\/2513","targetHints":{"allow":["GET"]}}],"collection":[{"href":"https:\/\/urzuaabogados.com\/index.php?rest_route=\/wp\/v2\/pages"}],"about":[{"href":"https:\/\/urzuaabogados.com\/index.php?rest_route=\/wp\/v2\/types\/page"}],"author":[{"embeddable":true,"href":"https:\/\/urzuaabogados.com\/index.php?rest_route=\/wp\/v2\/users\/1"}],"replies":[{"embeddable":true,"href":"https:\/\/urzuaabogados.com\/index.php?rest_route=%2Fwp%2Fv2%2Fcomments&post=2513"}],"version-history":[{"count":2,"href":"https:\/\/urzuaabogados.com\/index.php?rest_route=\/wp\/v2\/pages\/2513\/revisions"}],"predecessor-version":[{"id":2516,"href":"https:\/\/urzuaabogados.com\/index.php?rest_route=\/wp\/v2\/pages\/2513\/revisions\/2516"}],"wp:attachment":[{"href":"https:\/\/urzuaabogados.com\/index.php?rest_route=%2Fwp%2Fv2%2Fmedia&parent=2513"}],"curies":[{"name":"wp","href":"https:\/\/api.w.org\/{rel}","templated":true}]}}