{"id":1800,"date":"2022-07-10T19:16:51","date_gmt":"2022-07-10T19:16:51","guid":{"rendered":"https:\/\/urzuaabogados.com\/?page_id=1800"},"modified":"2026-03-11T12:34:51","modified_gmt":"2026-03-11T12:34:51","slug":"team","status":"publish","type":"page","link":"https:\/\/urzuaabogados.com\/?page_id=1800&lang=en","title":{"rendered":"TEAM"},"content":{"rendered":"<p>[et_pb_section fb_built=\u00bb1&#8243; admin_label=\u00bbPage Title Section\u00bb _builder_version=\u00bb4.16&#8243; use_background_color_gradient=\u00bbon\u00bb background_color_gradient_stops=\u00bb#313e47 0%|rgba(49,62,71,0.5) 100%\u00bb background_color_gradient_overlays_image=\u00bbon\u00bb background_color_gradient_start=\u00bb#313e47&#8243; background_color_gradient_end=\u00bbrgba(49,62,71,0.5)\u00bb background_image=\u00bbhttps:\/\/urzuaabogados.com\/wp-content\/uploads\/2019\/02\/teamwork-concept-on-the-brown-wooden-table-PQ2NDD7.jpg\u00bb custom_padding=\u00bb218px||211px||false|false\u00bb global_colors_info=\u00bb{}\u00bb][et_pb_row admin_label=\u00bbPage Title Area\u00bb _builder_version=\u00bb4.16&#8243; background_size=\u00bbinitial\u00bb background_position=\u00bbtop_left\u00bb background_repeat=\u00bbrepeat\u00bb custom_padding=\u00bb27px|0px|0|0px|false|false\u00bb global_colors_info=\u00bb{}\u00bb][et_pb_column type=\u00bb4_4&#8243; _builder_version=\u00bb4.16&#8243; custom_padding=\u00bb|||\u00bb global_colors_info=\u00bb{}\u00bb custom_padding__hover=\u00bb|||\u00bb][et_pb_text admin_label=\u00bbPage Title\u00bb _builder_version=\u00bb4.16&#8243; text_font=\u00bb||||||||\u00bb text_font_size=\u00bb18px\u00bb text_line_height=\u00bb2em\u00bb header_font=\u00bbPrata||||||||\u00bb header_font_size=\u00bb60px\u00bb header_line_height=\u00bb1.6em\u00bb header_2_font=\u00bb||||||||\u00bb text_orientation=\u00bbcenter\u00bb background_layout=\u00bbdark\u00bb max_width=\u00bb700px\u00bb module_alignment=\u00bbcenter\u00bb custom_margin=\u00bb|||\u00bb animation_style=\u00bbfade\u00bb header_font_size_tablet=\u00bb40px\u00bb header_font_size_phone=\u00bb\u00bb header_font_size_last_edited=\u00bbon|tablet\u00bb global_colors_info=\u00bb{}\u00bb]<\/p>\n<h1>TEAM<\/h1>\n<p>[\/et_pb_text][\/et_pb_column][\/et_pb_row][\/et_pb_section][et_pb_section fb_built=\u00bb1&#8243; _builder_version=\u00bb4.16&#8243; custom_padding=\u00bb74px|0px|54px|0px|false|false\u00bb global_colors_info=\u00bb{}\u00bb][et_pb_row _builder_version=\u00bb4.16&#8243; link_option_url=\u00bb#\u00bb global_colors_info=\u00bb{}\u00bb][et_pb_column type=\u00bb4_4&#8243; _builder_version=\u00bb4.16&#8243; custom_padding=\u00bb|||\u00bb global_colors_info=\u00bb{}\u00bb custom_padding__hover=\u00bb|||\u00bb][et_pb_team_member name=\u00bbCristi\u00e1n Urz\u00faa\u00bb position=\u00bbPartner\u00bb image_url=\u00bbhttps:\/\/urzuaabogados.com\/wp-content\/uploads\/2019\/03\/urzua-1.jpg\u00bb linkedin_url=\u00bbhttps:\/\/cl.linkedin.com\/in\/cristianurzua472b6149&#8243; _builder_version=\u00bb4.16&#8243; link_option_url=\u00bbhttps:\/\/urzuaabogados.com\/?page_id=363&#8243; global_colors_info=\u00bb{}\u00bb]<\/p>\n<p style=\"text-align: justify;\">Cristi\u00e1n Urz\u00faa&#8217;s practice is focused on project, construction and engineering law, including its disputes (claims, litigation and arbitration). <span>He has experience in bidding processes, direct contract negotiation, preparation of risks matrix, preparation of tailored construction and engineering models for owners and contractors, contract and claim management, and<\/span> complex disputes related mainly to the mining, energy, engineering and construction industries. Cristi\u00e1n has been and is also a professor at several universities, such as Pontificia Universidad Cat\u00f3lica de Chile and Universidad Adolfo Ib\u00e1\u00f1ez.<\/p>\n<p style=\"text-align: justify;\">\n<p>[\/et_pb_team_member][\/et_pb_column][\/et_pb_row][et_pb_row column_structure=\u00bb1_3,1_3,1_3&#8243; _builder_version=\u00bb4.16&#8243; link_option_url=\u00bb#\u00bb global_colors_info=\u00bb{}\u00bb][et_pb_column type=\u00bb1_3&#8243; _builder_version=\u00bb4.16&#8243; custom_padding=\u00bb|||\u00bb global_colors_info=\u00bb{}\u00bb custom_padding__hover=\u00bb|||\u00bb][et_pb_team_member name=\u00bbCAROLINA C\u00c1CERES\u00bb image_url=\u00bbhttps:\/\/urzuaabogados.com\/wp-content\/uploads\/2023\/04\/CAROLINA-CACERES-pequena-1.jpg\u00bb _builder_version=\u00bb4.27.4&#8243; link_option_url=\u00bbhttps:\/\/urzuaabogados.com\/?page_id=1243&#038;lang=en\u00bb global_colors_info=\u00bb{}\u00bb][\/et_pb_team_member][\/et_pb_column][et_pb_column type=\u00bb1_3&#8243; _builder_version=\u00bb4.16&#8243; custom_padding=\u00bb|||\u00bb global_colors_info=\u00bb{}\u00bb custom_padding__hover=\u00bb|||\u00bb][et_pb_team_member name=\u00bbVALENTINA URZ\u00daA\u00bb image_url=\u00bbhttps:\/\/urzuaabogados.com\/wp-content\/uploads\/2024\/05\/Final-Valentina-2.png\u00bb _builder_version=\u00bb4.25.1&#8243; link_option_url=\u00bbhttps:\/\/urzuaabogados.com\/?page_id=2517&#038;lang=en\u00bb global_colors_info=\u00bb{}\u00bb][\/et_pb_team_member][\/et_pb_column][et_pb_column type=\u00bb1_3&#8243; _builder_version=\u00bb4.16&#8243; custom_padding=\u00bb|||\u00bb global_colors_info=\u00bb{}\u00bb custom_padding__hover=\u00bb|||\u00bb][et_pb_team_member name=\u00bbBASTI\u00c1N P\u00c9REZ\u00bb image_url=\u00bbhttps:\/\/urzuaabogados.com\/wp-content\/uploads\/2024\/07\/PicsArt_01-04-05.49.50-1.jpg\u00bb _builder_version=\u00bb4.26.1&#8243; link_option_url=\u00bbhttps:\/\/urzuaabogados.com\/?page_id=1791&#038;lang=en\u00bb global_colors_info=\u00bb{}\u00bb][\/et_pb_team_member][\/et_pb_column][\/et_pb_row][et_pb_row column_structure=\u00bb1_3,1_3,1_3&#8243; _builder_version=\u00bb4.16&#8243; link_option_url=\u00bb#\u00bb global_colors_info=\u00bb{}\u00bb][et_pb_column type=\u00bb1_3&#8243; _builder_version=\u00bb4.16&#8243; custom_padding=\u00bb|||\u00bb global_colors_info=\u00bb{}\u00bb custom_padding__hover=\u00bb|||\u00bb][et_pb_team_member name=\u00bbJOS\u00c9 TOM\u00c1S FERNANDEZ\u00bb image_url=\u00bbhttps:\/\/urzuaabogados.com\/wp-content\/uploads\/2025\/03\/Jose-Tomas-BN-2.jpg\u00bb _builder_version=\u00bb4.27.4&#8243; link_option_url=\u00bbhttps:\/\/urzuaabogados.com\/?page_id=2338&#038;lang=en\u00bb global_colors_info=\u00bb{}\u00bb][\/et_pb_team_member][\/et_pb_column][et_pb_column type=\u00bb1_3&#8243; _builder_version=\u00bb4.16&#8243; custom_padding=\u00bb|||\u00bb global_colors_info=\u00bb{}\u00bb custom_padding__hover=\u00bb|||\u00bb][\/et_pb_column][et_pb_column type=\u00bb1_3&#8243; _builder_version=\u00bb4.16&#8243; custom_padding=\u00bb|||\u00bb global_colors_info=\u00bb{}\u00bb custom_padding__hover=\u00bb|||\u00bb][\/et_pb_column][\/et_pb_row][\/et_pb_section]<\/p>\n","protected":false},"excerpt":{"rendered":"<p>TEAMCristi\u00e1n Urz\u00faa&#8217;s practice is focused on project, construction and engineering law, including its disputes (claims, litigation and arbitration). He has experience in bidding processes, direct contract negotiation, preparation of risks matrix, preparation of tailored construction and engineering models for owners and contractors, contract and claim management, and complex disputes related mainly to the mining, energy, [&hellip;]<\/p>\n","protected":false},"author":1,"featured_media":0,"parent":0,"menu_order":0,"comment_status":"closed","ping_status":"closed","template":"","meta":{"_et_pb_use_builder":"on","_et_pb_old_content":"","_et_gb_content_width":"","footnotes":""},"class_list":["post-1800","page","type-page","status-publish","hentry"],"_links":{"self":[{"href":"https:\/\/urzuaabogados.com\/index.php?rest_route=\/wp\/v2\/pages\/1800","targetHints":{"allow":["GET"]}}],"collection":[{"href":"https:\/\/urzuaabogados.com\/index.php?rest_route=\/wp\/v2\/pages"}],"about":[{"href":"https:\/\/urzuaabogados.com\/index.php?rest_route=\/wp\/v2\/types\/page"}],"author":[{"embeddable":true,"href":"https:\/\/urzuaabogados.com\/index.php?rest_route=\/wp\/v2\/users\/1"}],"replies":[{"embeddable":true,"href":"https:\/\/urzuaabogados.com\/index.php?rest_route=%2Fwp%2Fv2%2Fcomments&post=1800"}],"version-history":[{"count":42,"href":"https:\/\/urzuaabogados.com\/index.php?rest_route=\/wp\/v2\/pages\/1800\/revisions"}],"predecessor-version":[{"id":2669,"href":"https:\/\/urzuaabogados.com\/index.php?rest_route=\/wp\/v2\/pages\/1800\/revisions\/2669"}],"wp:attachment":[{"href":"https:\/\/urzuaabogados.com\/index.php?rest_route=%2Fwp%2Fv2%2Fmedia&parent=1800"}],"curies":[{"name":"wp","href":"https:\/\/api.w.org\/{rel}","templated":true}]}}