{"id":151,"date":"2019-02-27T00:12:19","date_gmt":"2019-02-27T00:12:19","guid":{"rendered":"http:\/\/urzuamatute.cl\/?page_id=151"},"modified":"2022-08-16T21:53:49","modified_gmt":"2022-08-16T21:53:49","slug":"nosotros","status":"publish","type":"page","link":"https:\/\/urzuaabogados.com\/?page_id=151","title":{"rendered":"LA FIRMA"},"content":{"rendered":"<p>[et_pb_section fb_built=\u00bb1&#8243; admin_label=\u00bbPage Title Section\u00bb _builder_version=\u00bb4.16&#8243; background_image=\u00bbhttps:\/\/urzuaabogados.com\/wp-content\/uploads\/2019\/02\/clean-cement-concrete-surface-texture-P572XL3.jpg\u00bb custom_padding=\u00bb165px||207px||false|false\u00bb global_colors_info=\u00bb{}\u00bb][et_pb_row admin_label=\u00bbPage Title Area\u00bb _builder_version=\u00bb4.16&#8243; background_size=\u00bbinitial\u00bb background_position=\u00bbtop_left\u00bb background_repeat=\u00bbrepeat\u00bb global_colors_info=\u00bb{}\u00bb][et_pb_column type=\u00bb4_4&#8243; _builder_version=\u00bb4.16&#8243; custom_padding=\u00bb|||\u00bb global_colors_info=\u00bb{}\u00bb custom_padding__hover=\u00bb|||\u00bb][et_pb_text admin_label=\u00bbPage Title\u00bb _builder_version=\u00bb4.16&#8243; text_font=\u00bb||||||||\u00bb text_font_size=\u00bb12px\u00bb text_line_height=\u00bb2em\u00bb header_font=\u00bbPrata||||||||\u00bb header_font_size=\u00bb60px\u00bb header_line_height=\u00bb1.6em\u00bb header_2_font=\u00bb||||||||\u00bb text_orientation=\u00bbcenter\u00bb background_layout=\u00bbdark\u00bb max_width=\u00bb700px\u00bb module_alignment=\u00bbcenter\u00bb custom_margin=\u00bb|||\u00bb animation_style=\u00bbfade\u00bb header_font_size_tablet=\u00bb40px\u00bb header_font_size_phone=\u00bb\u00bb header_font_size_last_edited=\u00bbon|tablet\u00bb global_colors_info=\u00bb{}\u00bb]<\/p>\n<p><img loading=\"lazy\" decoding=\"async\" src=\"https:\/\/urzuaabogados.com\/wp-content\/uploads\/2022\/01\/logo-home.png\" width=\"956\" height=\"187\" alt=\"\" class=\"wp-image-35 aligncenter size-full\" \/><\/p>\n<p>[\/et_pb_text][\/et_pb_column][\/et_pb_row][\/et_pb_section][et_pb_section fb_built=\u00bb1&#8243; admin_label=\u00bbWelcome Section\u00bb _builder_version=\u00bb4.16&#8243; custom_padding=\u00bb0||90px||false|false\u00bb global_colors_info=\u00bb{}\u00bb][et_pb_row column_structure=\u00bb1_2,1_2&#8243; make_equal=\u00bbon\u00bb admin_label=\u00bbWelcome Area\u00bb _builder_version=\u00bb4.16&#8243; custom_padding=\u00bb0|0px|0|0px|false|false\u00bb global_colors_info=\u00bb{}\u00bb][et_pb_column type=\u00bb1_2&#8243; _builder_version=\u00bb4.16&#8243; custom_padding=\u00bb55px||10px|\u00bb global_colors_info=\u00bb{}\u00bb custom_padding__hover=\u00bb|||\u00bb][et_pb_divider color=\u00bb#002e6d\u00bb divider_position=\u00bbcenter\u00bb divider_weight=\u00bb3px\u00bb _builder_version=\u00bb4.16&#8243; max_width=\u00bb70px\u00bb animation_style=\u00bbslide\u00bb animation_direction=\u00bbright\u00bb animation_intensity_slide=\u00bb5%\u00bb animation_starting_opacity=\u00bb100%\u00bb global_colors_info=\u00bb{}\u00bb][\/et_pb_divider][et_pb_text _builder_version=\u00bb4.16&#8243; text_font=\u00bb||||||||\u00bb text_font_size=\u00bb16px\u00bb text_line_height=\u00bb2em\u00bb max_width=\u00bb500px\u00bb animation_direction=\u00bbleft\u00bb global_colors_info=\u00bb{}\u00bb]<\/p>\n<p style=\"text-align: justify;\">URZ\u00daA es una firma de abogados de nicho, especializada en proyectos, ingenier\u00eda y construcci\u00f3n<span> ,miner\u00eda<\/span> y, dentro de ello, sus controversias (reclamaciones, arbitrajes y litigios).<\/p>\n<p style=\"text-align: justify;\">URZ\u00daA Abogados nace del talento, trabajo y compromiso de Cristi\u00e1n Urz\u00faa quien, luego de una intensa carrera en importantes oficinas de abogados, decide formar URZ\u00daA Abogados<span>. Con posterioridad se <\/span><span>uni\u00f3 a la firma Daniel Weinstein,<\/span><span> quien cuenta con una destacada trayectoria con responsab<\/span><span>ilidades globales <\/span><span>en estudios de abogados y en empresas de <\/span><span>ingenier\u00eda<\/span><span> y construcci\u00f3n y de miner\u00eda<\/span><span>. URZ\u00daA Abogados cuenta<\/span> ya con cuatro a\u00f1os exitosos en la industria<span>, siendo reconocido y <\/span>rankeado en todos los rankings legales de relevancia <span>por su excelencia en las \u00e1reas de su especialidad. <\/span><\/p>\n<p>[\/et_pb_text][\/et_pb_column][et_pb_column type=\u00bb1_2&#8243; _builder_version=\u00bb4.16&#8243; custom_padding=\u00bb0px|||\u00bb global_colors_info=\u00bb{}\u00bb custom_padding__hover=\u00bb|||\u00bb][et_pb_image src=\u00bbhttps:\/\/urzuaabogados.com\/wp-content\/uploads\/2019\/03\/PHOTO-2019-03-10-21-19-02.jpg\u00bb align_tablet=\u00bbcenter\u00bb align_phone=\u00bbcenter\u00bb align_last_edited=\u00bbon|desktop\u00bb _builder_version=\u00bb4.16&#8243; custom_margin=\u00bb152px||\u00bb global_colors_info=\u00bb{}\u00bb][\/et_pb_image][\/et_pb_column][\/et_pb_row][et_pb_row _builder_version=\u00bb4.16&#8243; custom_padding=\u00bb0|0px|0|0px|false|false\u00bb global_colors_info=\u00bb{}\u00bb][et_pb_column type=\u00bb4_4&#8243; _builder_version=\u00bb4.16&#8243; custom_padding=\u00bb|||\u00bb global_colors_info=\u00bb{}\u00bb custom_padding__hover=\u00bb|||\u00bb][et_pb_text _builder_version=\u00bb4.16&#8243; text_font=\u00bb||||||||\u00bb text_font_size=\u00bb16px\u00bb text_line_height=\u00bb2em\u00bb header_font=\u00bb||||||||\u00bb global_colors_info=\u00bb{}\u00bb]<\/p>\n<p style=\"text-align: justify;\">Lo que distingue a URZ\u00daA Abogados es que somos abogados experimentados y de alto est\u00e1ndar, que no s\u00f3lo dirigen el trabajo, tambi\u00e9n lo piensan, ejecutan y participan directamente en el desarrollo del mismo. En otras palabras, los abogados que tienen la primera reuni\u00f3n con el cliente, esto es, aquellos en quienes aqu\u00e9l confi\u00f3, son los mismos profesionales que realizar\u00e1n el encargo encomendado y a quienes el cliente tendr\u00e1 como consejeros durante toda la asesor\u00eda legal.<\/p>\n<p style=\"text-align: justify;\">El sello de URZ\u00daA Abogados es que no dejamos nada al azar y, especialmente, acompa\u00f1amos a nuestros clientes <span>en todo <\/span>momento, poniendo siempre<span>\u00a0<\/span><span>a nuestros clientes y sus intereses en el centro <\/span><span>de todo lo que hacemos.<\/span><\/p>\n<p>[\/et_pb_text][\/et_pb_column][\/et_pb_row][\/et_pb_section]<\/p>\n","protected":false},"excerpt":{"rendered":"<p>URZ\u00daA es una firma de abogados de nicho, especializada en proyectos, ingenier\u00eda y construcci\u00f3n ,miner\u00eda y, dentro de ello, sus controversias (reclamaciones, arbitrajes y litigios). URZ\u00daA Abogados nace del talento, trabajo y compromiso de Cristi\u00e1n Urz\u00faa quien, luego de una intensa carrera en importantes oficinas de abogados, decide formar URZ\u00daA Abogados. Con posterioridad se uni\u00f3 [&hellip;]<\/p>\n","protected":false},"author":1,"featured_media":0,"parent":0,"menu_order":0,"comment_status":"closed","ping_status":"closed","template":"","meta":{"_et_pb_use_builder":"on","_et_pb_old_content":"","_et_gb_content_width":"","footnotes":""},"class_list":["post-151","page","type-page","status-publish","hentry"],"_links":{"self":[{"href":"https:\/\/urzuaabogados.com\/index.php?rest_route=\/wp\/v2\/pages\/151","targetHints":{"allow":["GET"]}}],"collection":[{"href":"https:\/\/urzuaabogados.com\/index.php?rest_route=\/wp\/v2\/pages"}],"about":[{"href":"https:\/\/urzuaabogados.com\/index.php?rest_route=\/wp\/v2\/types\/page"}],"author":[{"embeddable":true,"href":"https:\/\/urzuaabogados.com\/index.php?rest_route=\/wp\/v2\/users\/1"}],"replies":[{"embeddable":true,"href":"https:\/\/urzuaabogados.com\/index.php?rest_route=%2Fwp%2Fv2%2Fcomments&post=151"}],"version-history":[{"count":58,"href":"https:\/\/urzuaabogados.com\/index.php?rest_route=\/wp\/v2\/pages\/151\/revisions"}],"predecessor-version":[{"id":2087,"href":"https:\/\/urzuaabogados.com\/index.php?rest_route=\/wp\/v2\/pages\/151\/revisions\/2087"}],"wp:attachment":[{"href":"https:\/\/urzuaabogados.com\/index.php?rest_route=%2Fwp%2Fv2%2Fmedia&parent=151"}],"curies":[{"name":"wp","href":"https:\/\/api.w.org\/{rel}","templated":true}]}}