{"id":1354,"date":"2019-05-03T00:44:49","date_gmt":"2019-05-03T00:44:49","guid":{"rendered":"http:\/\/urzuaabogados.com\/?page_id=1354"},"modified":"2022-08-13T01:37:48","modified_gmt":"2022-08-13T01:37:48","slug":"ingenieria-y-construccion-2","status":"publish","type":"page","link":"https:\/\/urzuaabogados.com\/?page_id=1354&lang=en","title":{"rendered":"ENGINEERING AND CONSTRUCTION"},"content":{"rendered":"<p>[et_pb_section fb_built=\u00bb1&#8243; admin_label=\u00bbPage Title Section\u00bb _builder_version=\u00bb4.16&#8243; use_background_color_gradient=\u00bbon\u00bb background_color_gradient_stops=\u00bb#313e47 0%|rgba(49,62,71,0.21) 100%\u00bb background_color_gradient_overlays_image=\u00bbon\u00bb background_color_gradient_start=\u00bb#313e47&#8243; background_color_gradient_end=\u00bbrgba(49,62,71,0.21)\u00bb background_image=\u00bbhttps:\/\/urzuaabogados.com\/wp-content\/uploads\/2019\/03\/road-construction-in-mountains-himalayas-PEDFHU2.jpg\u00bb custom_padding=\u00bb124px||124px||true|false\u00bb global_colors_info=\u00bb{}\u00bb][et_pb_row admin_label=\u00bbPage Title Area\u00bb _builder_version=\u00bb4.16&#8243; background_size=\u00bbinitial\u00bb background_position=\u00bbtop_left\u00bb background_repeat=\u00bbrepeat\u00bb global_colors_info=\u00bb{}\u00bb][et_pb_column type=\u00bb4_4&#8243; _builder_version=\u00bb4.16&#8243; custom_padding=\u00bb|||\u00bb global_colors_info=\u00bb{}\u00bb custom_padding__hover=\u00bb|||\u00bb][et_pb_text admin_label=\u00bbPage Title\u00bb _builder_version=\u00bb4.16&#8243; text_font=\u00bb||||||||\u00bb text_text_color=\u00bb#ffffff\u00bb text_font_size=\u00bb1px\u00bb text_line_height=\u00bb2em\u00bb header_font=\u00bbPrata||||||||\u00bb header_font_size=\u00bb60px\u00bb header_line_height=\u00bb1.6em\u00bb header_3_font=\u00bb||||||||\u00bb header_3_line_height=\u00bb1.8em\u00bb text_orientation=\u00bbcenter\u00bb background_layout=\u00bbdark\u00bb max_width=\u00bb708px\u00bb module_alignment=\u00bbcenter\u00bb custom_margin=\u00bb||10px|\u00bb animation_style=\u00bbfade\u00bb header_font_size_tablet=\u00bb40px\u00bb header_font_size_phone=\u00bb\u00bb header_font_size_last_edited=\u00bbon|desktop\u00bb global_colors_info=\u00bb{}\u00bb]<img loading=\"lazy\" decoding=\"async\" src=\"https:\/\/urzuaabogados.com\/wp-content\/uploads\/2019\/05\/ENGINEERING-CONSTRUCTION-AND-PROJECTS.png\" width=\"534\" height=\"217\" alt=\"\" class=\"wp-image-1356 aligncenter size-full\" srcset=\"https:\/\/urzuaabogados.com\/wp-content\/uploads\/2019\/05\/ENGINEERING-CONSTRUCTION-AND-PROJECTS.png 534w, https:\/\/urzuaabogados.com\/wp-content\/uploads\/2019\/05\/ENGINEERING-CONSTRUCTION-AND-PROJECTS-300x122.png 300w\" sizes=\"(max-width: 534px) 100vw, 534px\" \/>[\/et_pb_text][\/et_pb_column][\/et_pb_row][\/et_pb_section][et_pb_section fb_built=\u00bb1&#8243; admin_label=\u00bbPractice Section\u00bb _builder_version=\u00bb4.16&#8243; custom_padding=\u00bb53px||110px||false|false\u00bb animation_style=\u00bbfade\u00bb global_colors_info=\u00bb{}\u00bb][et_pb_row _builder_version=\u00bb4.16&#8243; _module_preset=\u00bbdefault\u00bb global_colors_info=\u00bb{}\u00bb][et_pb_column type=\u00bb4_4&#8243; _builder_version=\u00bb4.16&#8243; _module_preset=\u00bbdefault\u00bb global_colors_info=\u00bb{}\u00bb][et_pb_testimonial author=\u00bbLegal 500&#8243; portrait_url=\u00bbhttps:\/\/urzuaabogados.com\/wp-content\/uploads\/2021\/04\/leading-150-150.png\u00bb portrait_width=\u00bb100px\u00bb portrait_height=\u00bb150px\u00bb _builder_version=\u00bb4.16&#8243; _module_preset=\u00bbdefault\u00bb global_colors_info=\u00bb{}\u00bb]<\/p>\n<p style=\"text-align: justify;\"><em>\u201cThe Urz\u00faa team, and in particular Cristi\u00e1n Urz\u00faa, is a team with great expertise in infrastructure projects and related litigation. They stand out for their pragmatism and creativity in delivering solutions. It is a team that provides excellent advice both in the negotiation phase and in claims and arbitrations derived from engineering and construction contracts.\u201d<\/em><\/p>\n<p style=\"text-align: right;\">\n<p>[\/et_pb_testimonial][\/et_pb_column][\/et_pb_row][et_pb_row column_structure=\u00bb1_3,2_3&#8243; _builder_version=\u00bb4.16&#8243; animation_style=\u00bbslide\u00bb animation_direction=\u00bbright\u00bb border_width_bottom=\u00bb1px\u00bb border_color_bottom=\u00bb#002e6d\u00bb global_colors_info=\u00bb{}\u00bb][et_pb_column type=\u00bb1_3&#8243; _builder_version=\u00bb4.16&#8243; custom_padding=\u00bb|||\u00bb global_colors_info=\u00bb{}\u00bb custom_padding__hover=\u00bb|||\u00bb][et_pb_image src=\u00bbhttps:\/\/urzuaabogados.com\/wp-content\/uploads\/2019\/03\/atlantic-ocean-road-caravan-car-PKQQEAX.jpg\u00bb align_tablet=\u00bbcenter\u00bb align_phone=\u00bb\u00bb align_last_edited=\u00bbon|desktop\u00bb _builder_version=\u00bb4.16&#8243; global_colors_info=\u00bb{}\u00bb][\/et_pb_image][\/et_pb_column][et_pb_column type=\u00bb2_3&#8243; _builder_version=\u00bb4.16&#8243; custom_padding=\u00bb|||\u00bb global_colors_info=\u00bb{}\u00bb custom_padding__hover=\u00bb|||\u00bb][et_pb_text _builder_version=\u00bb4.17.4&#8243; global_colors_info=\u00bb{}\u00bb]<\/p>\n<h4 style=\"text-align: justify;\"><b>PROJECTS, ENGINEERING AND CONSTRUCTION AND THEIR DISPUTES<\/b><\/h4>\n<p><b><\/b><\/p>\n<p style=\"text-align: justify;\">Related to our practice, we have over\u00a0thirty years of experienceworking in projects, engineering and construction, but also in pre-litigation\/arbitration claims procedures. \u00a0<\/p>\n<p style=\"text-align: justify;\">We have represented owners, builders and engineering companies, allowing us to have a cross-cutting understanding of how every participant thinks, acts and should exercise their rights.<\/p>\n<p style=\"text-align: justify;\">We also know in depth how these lawsuits are prepared, in terms of the generation of early, useful and traceable evidence.<\/p>\n<p style=\"text-align: justify;\">At the same time, we are clear about how to work with the experts, in the sense of the need for external forensic and \/ or expert support for the preparation of the case, such as the need for reports from the arbitrator and parties\u2019 experts. We have extensive experience in expert\u2019s interrogation, and we know how to work with engineers, their language and way of working. Neither the methods for determining the impact on time, nor those related to cost and scope, are alien to us, on the contrary, we know them, and we manage to dialogue collaboratively with the technical team.<\/p>\n<p>[\/et_pb_text][\/et_pb_column][\/et_pb_row][et_pb_row column_structure=\u00bb2_3,1_3&#8243; _builder_version=\u00bb4.16&#8243; animation_style=\u00bbslide\u00bb animation_direction=\u00bbleft\u00bb global_colors_info=\u00bb{}\u00bb][et_pb_column type=\u00bb2_3&#8243; _builder_version=\u00bb4.16&#8243; custom_padding=\u00bb|||\u00bb global_colors_info=\u00bb{}\u00bb custom_padding__hover=\u00bb|||\u00bb][et_pb_text _builder_version=\u00bb4.16&#8243; global_colors_info=\u00bb{}\u00bb]<\/p>\n<h4><b>ENGINEERING AND CONSTRUCTION IN RELATION TO REAL ESTATE PROJECTS<\/b><\/h4>\n<p><strong><\/strong><\/p>\n<p style=\"text-align: justify;\"><span style=\"font-weight: 400;\">As a result of the success in supporting infrastructure projects, URZ\u00daA has developed a practice linked to real estate projects, from predevelopment to design and construction.<\/span><\/p>\n<p style=\"text-align: justify;\">Our work emphasizes the relationship between principal and contractor and, in addition, in disputes that arise with government authorities, both at the judicial level, as well as at the comptroller level and, in general, in the administrative contentious sphere.<\/p>\n<p>[\/et_pb_text][\/et_pb_column][et_pb_column type=\u00bb1_3&#8243; _builder_version=\u00bb4.16&#8243; custom_padding=\u00bb|||\u00bb global_colors_info=\u00bb{}\u00bb custom_padding__hover=\u00bb|||\u00bb][et_pb_image src=\u00bbhttps:\/\/urzuaabogados.com\/wp-content\/uploads\/2019\/03\/crane-construction-site-3CDTQXR.jpg\u00bb align_tablet=\u00bbcenter\u00bb align_phone=\u00bb\u00bb align_last_edited=\u00bbon|desktop\u00bb _builder_version=\u00bb4.16&#8243; global_colors_info=\u00bb{}\u00bb][\/et_pb_image][\/et_pb_column][\/et_pb_row][\/et_pb_section]<\/p>\n","protected":false},"excerpt":{"rendered":"<p>\u201cThe Urz\u00faa team, and in particular Cristi\u00e1n Urz\u00faa, is a team with great expertise in infrastructure projects and related litigation. They stand out for their pragmatism and creativity in delivering solutions. It is a team that provides excellent advice both in the negotiation phase and in claims and arbitrations derived from engineering and construction contracts.\u201d [&hellip;]<\/p>\n","protected":false},"author":1,"featured_media":0,"parent":1076,"menu_order":0,"comment_status":"closed","ping_status":"closed","template":"","meta":{"_et_pb_use_builder":"on","_et_pb_old_content":"","_et_gb_content_width":"","footnotes":""},"class_list":["post-1354","page","type-page","status-publish","hentry"],"_links":{"self":[{"href":"https:\/\/urzuaabogados.com\/index.php?rest_route=\/wp\/v2\/pages\/1354","targetHints":{"allow":["GET"]}}],"collection":[{"href":"https:\/\/urzuaabogados.com\/index.php?rest_route=\/wp\/v2\/pages"}],"about":[{"href":"https:\/\/urzuaabogados.com\/index.php?rest_route=\/wp\/v2\/types\/page"}],"author":[{"embeddable":true,"href":"https:\/\/urzuaabogados.com\/index.php?rest_route=\/wp\/v2\/users\/1"}],"replies":[{"embeddable":true,"href":"https:\/\/urzuaabogados.com\/index.php?rest_route=%2Fwp%2Fv2%2Fcomments&post=1354"}],"version-history":[{"count":8,"href":"https:\/\/urzuaabogados.com\/index.php?rest_route=\/wp\/v2\/pages\/1354\/revisions"}],"predecessor-version":[{"id":1952,"href":"https:\/\/urzuaabogados.com\/index.php?rest_route=\/wp\/v2\/pages\/1354\/revisions\/1952"}],"up":[{"embeddable":true,"href":"https:\/\/urzuaabogados.com\/index.php?rest_route=\/wp\/v2\/pages\/1076"}],"wp:attachment":[{"href":"https:\/\/urzuaabogados.com\/index.php?rest_route=%2Fwp%2Fv2%2Fmedia&parent=1354"}],"curies":[{"name":"wp","href":"https:\/\/api.w.org\/{rel}","templated":true}]}}