{"id":1322,"date":"2019-04-20T23:39:31","date_gmt":"2019-04-20T23:39:31","guid":{"rendered":"http:\/\/urzuaabogados.com\/?page_id=1322"},"modified":"2022-08-16T11:53:44","modified_gmt":"2022-08-16T11:53:44","slug":"litigation-and-arbitration","status":"publish","type":"page","link":"https:\/\/urzuaabogados.com\/?page_id=1322&lang=en","title":{"rendered":"LITIGATION AND ARBITRATION"},"content":{"rendered":"<p>[et_pb_section fb_built=\u00bb1&#8243; admin_label=\u00bbPage Title Section\u00bb _builder_version=\u00bb4.16&#8243; use_background_color_gradient=\u00bbon\u00bb background_color_gradient_stops=\u00bb#313e47 0%|rgba(49,62,71,0.12) 100%\u00bb background_color_gradient_overlays_image=\u00bbon\u00bb background_color_gradient_start=\u00bb#313e47&#8243; background_color_gradient_end=\u00bbrgba(49,62,71,0.12)\u00bb background_image=\u00bbhttps:\/\/urzuaabogados.com\/wp-content\/uploads\/2019\/03\/a-classic-chess-board-game-as-a-banner-PAXMEHY.jpg\u00bb custom_padding=\u00bb183px||168px||false|false\u00bb global_colors_info=\u00bb{}\u00bb][et_pb_row admin_label=\u00bbPage Title Area\u00bb _builder_version=\u00bb4.16&#8243; background_size=\u00bbinitial\u00bb background_position=\u00bbtop_left\u00bb background_repeat=\u00bbrepeat\u00bb custom_padding=\u00bb0|0px|0|0px|false|false\u00bb global_colors_info=\u00bb{}\u00bb][et_pb_column type=\u00bb4_4&#8243; _builder_version=\u00bb4.16&#8243; custom_padding=\u00bb|||\u00bb global_colors_info=\u00bb{}\u00bb custom_padding__hover=\u00bb|||\u00bb][et_pb_text admin_label=\u00bbPage Title\u00bb _builder_version=\u00bb4.18.0&#8243; text_font=\u00bb||||||||\u00bb text_text_color=\u00bb#ffffff\u00bb text_font_size=\u00bb18px\u00bb text_line_height=\u00bb2em\u00bb header_font=\u00bbPrata||||||||\u00bb header_font_size=\u00bb60px\u00bb header_line_height=\u00bb1.6em\u00bb header_3_font=\u00bb||||||||\u00bb header_3_line_height=\u00bb1.8em\u00bb text_orientation=\u00bbcenter\u00bb background_layout=\u00bbdark\u00bb max_width=\u00bb700px\u00bb module_alignment=\u00bbcenter\u00bb custom_margin=\u00bb||10px|\u00bb animation_style=\u00bbfade\u00bb hover_enabled=\u00bb0&#8243; header_font_size_tablet=\u00bb40px\u00bb header_font_size_phone=\u00bb\u00bb header_font_size_last_edited=\u00bbon|desktop\u00bb global_colors_info=\u00bb{}\u00bb sticky_enabled=\u00bb0&#8243;]<img loading=\"lazy\" decoding=\"async\" src=\"https:\/\/urzuaabogados.com\/wp-content\/uploads\/2022\/08\/projects-disputes.png\" width=\"400\" height=\"235\" alt=\"\" class=\"wp-image-1327 aligncenter size-full\" \/>[\/et_pb_text][\/et_pb_column][\/et_pb_row][\/et_pb_section][et_pb_section fb_built=\u00bb1&#8243; admin_label=\u00bbPractice Section\u00bb _builder_version=\u00bb4.16&#8243; custom_padding=\u00bb39px||110px||false|false\u00bb animation_style=\u00bbfade\u00bb global_colors_info=\u00bb{}\u00bb][et_pb_row column_structure=\u00bb1_3,2_3&#8243; _builder_version=\u00bb4.16&#8243; max_width=\u00bb1200px\u00bb animation_style=\u00bbslide\u00bb animation_direction=\u00bbleft\u00bb border_color_all=\u00bb#002e6d\u00bb use_custom_width=\u00bbon\u00bb custom_width_px=\u00bb1200px\u00bb global_colors_info=\u00bb{}\u00bb][et_pb_column type=\u00bb1_3&#8243; _builder_version=\u00bb4.16&#8243; custom_padding=\u00bb|||\u00bb global_colors_info=\u00bb{}\u00bb custom_padding__hover=\u00bb|||\u00bb][et_pb_image src=\u00bbhttps:\/\/urzuaabogados.com\/wp-content\/uploads\/2021\/04\/working-gravel-crusher-industrial-background-PF9PMR8-2.png\u00bb title_text=\u00bbworking-gravel-crusher-industrial-background-PF9PMR8&#8243; align_tablet=\u00bbcenter\u00bb align_phone=\u00bb\u00bb align_last_edited=\u00bbon|desktop\u00bb _builder_version=\u00bb4.16&#8243; custom_margin=\u00bb28px||\u00bb global_colors_info=\u00bb{}\u00bb][\/et_pb_image][\/et_pb_column][et_pb_column type=\u00bb2_3&#8243; _builder_version=\u00bb4.16&#8243; custom_padding=\u00bb|||\u00bb global_colors_info=\u00bb{}\u00bb custom_padding__hover=\u00bb|||\u00bb][et_pb_text _builder_version=\u00bb4.17.4&#8243; global_colors_info=\u00bb{}\u00bb]<\/p>\n<h4><strong>PROJECT, ENGINEERING AND CONSTRUCTION DISPUTES \u00a0<\/strong><\/h4>\n<p><strong><\/strong><\/p>\n<p><strong><\/strong><\/p>\n<div dir=\"ltr\">\n<p style=\"text-align: justify;\">Related to our practice, we have over\u00a0thirty years of experience\u00a0working in projects, engineering and construction, but also in pre-litigation\/arbitration claims procedures. \u00a0<\/p>\n<p style=\"text-align: justify;\">We have represented owners, builders and engineering companies, allowing us to have a cross-cutting understanding of how every participant thinks, acts and should exercise their rights.<\/p>\n<p style=\"text-align: justify;\">\u00a0We also know in depth how these lawsuits are prepared, in terms of the generation of early, useful and traceable evidence.<\/p>\n<p style=\"text-align: justify;\">\u00a0At the same time, we are clear about how to work with the experts, in the sense of the need for external forensic and \/ or expert support for the preparation of the case, such as the need for reports from the arbitrator and parties\u2019 experts. We have extensive experience in expert\u2019s interrogation, and we know how to work with engineers, their language and way of working. Neither the methods for determining the impact on time, nor those related to cost and scope, are alien to us, on the contrary, we know them, and we manage to dialogue collaboratively with the technical team.<\/p>\n<\/div>\n<p>[\/et_pb_text][\/et_pb_column][\/et_pb_row][et_pb_row _builder_version=\u00bb4.16&#8243; _module_preset=\u00bbdefault\u00bb global_colors_info=\u00bb{}\u00bb][et_pb_column type=\u00bb4_4&#8243; _builder_version=\u00bb4.16&#8243; _module_preset=\u00bbdefault\u00bb global_colors_info=\u00bb{}\u00bb][et_pb_testimonial author=\u00bbLegal 500&#8243; portrait_url=\u00bbhttps:\/\/urzuaabogados.com\/wp-content\/uploads\/2021\/04\/leading-150-150.png\u00bb portrait_width=\u00bb100px\u00bb portrait_height=\u00bb150px\u00bb _builder_version=\u00bb4.16&#8243; _module_preset=\u00bbdefault\u00bb global_colors_info=\u00bb{}\u00bb]<\/p>\n<p style=\"text-align: justify;\"><em>\u201cThe Urz\u00faa team, and in particular Cristi\u00e1n Urz\u00faa, is a team with great expertise in infrastructure projects and related litigation. They stand out for their pragmatism and creativity in delivering solutions. It is a team that provides excellent advice both in the negotiation phase and in claims and arbitrations derived from engineering and construction contracts.\u201d<\/em><\/p>\n<p>[\/et_pb_testimonial][\/et_pb_column][\/et_pb_row][et_pb_row column_structure=\u00bb1_3,2_3&#8243; _builder_version=\u00bb4.16&#8243; animation_style=\u00bbslide\u00bb animation_direction=\u00bbleft\u00bb border_width_bottom=\u00bb1px\u00bb border_color_bottom=\u00bb#000000&#8243; global_colors_info=\u00bb{}\u00bb][et_pb_column type=\u00bb1_3&#8243; _builder_version=\u00bb4.16&#8243; custom_padding=\u00bb|||\u00bb global_colors_info=\u00bb{}\u00bb custom_padding__hover=\u00bb|||\u00bb][et_pb_image src=\u00bbhttps:\/\/urzuaabogados.com\/wp-content\/uploads\/2019\/03\/columns-PS8KCUS.jpg\u00bb align_tablet=\u00bbcenter\u00bb align_phone=\u00bb\u00bb align_last_edited=\u00bbon|desktop\u00bb _builder_version=\u00bb4.16&#8243; global_colors_info=\u00bb{}\u00bb][\/et_pb_image][\/et_pb_column][et_pb_column type=\u00bb2_3&#8243; _builder_version=\u00bb4.16&#8243; custom_padding=\u00bb|||\u00bb global_colors_info=\u00bb{}\u00bb custom_padding__hover=\u00bb|||\u00bb][et_pb_text _builder_version=\u00bb4.17.4&#8243; global_colors_info=\u00bb{}\u00bb]<\/p>\n<h4><strong>ADMINISTRATIVE LITIGATION, RELATED TO DESIGN, CONSTRUCTION AND OPERATION OF THE PROJECT.<\/strong><\/h4>\n<p><strong><\/strong><\/p>\n<p>We provide legal advice on claims, control, and penalty procedures, specifically those that arise during the execution of projects. Also, URZ\u00daA has experience in proceedings before the General Comptroller of the Republic.[\/et_pb_text][\/et_pb_column][\/et_pb_row][et_pb_row column_structure=\u00bb3_5,2_5&#8243; _builder_version=\u00bb4.16&#8243; custom_padding=\u00bb27px|0px|27px|0|false|false\u00bb animation_style=\u00bbslide\u00bb animation_direction=\u00bbleft\u00bb border_width_bottom=\u00bb1px\u00bb border_color_bottom=\u00bb#002e6d\u00bb global_colors_info=\u00bb{}\u00bb][et_pb_column type=\u00bb3_5&#8243; _builder_version=\u00bb4.16&#8243; custom_padding=\u00bb|||\u00bb global_colors_info=\u00bb{}\u00bb custom_padding__hover=\u00bb|||\u00bb][et_pb_text _builder_version=\u00bb4.17.4&#8243; global_colors_info=\u00bb{}\u00bb]<\/p>\n<h4><b>ENVIRONMENTAL DISPUTES AND PREVENTION, RELATED TO CONSTRUCTION, AND OPERATION OF PROJECTS.<\/b><\/h4>\n<p style=\"text-align: justify;\"><span style=\"font-weight: 400;\">We support our clients in the early prevention of environmental controversies, their management and, if it\u2019s necessary, through the administrative or court litigation. <\/span><\/p>\n<p style=\"text-align: justify;\">Our partner Cristi\u00e1n Urz\u00faa was part of the Celulosa Arauco y Constitucion team, in the largest environmental litigation in the history of Chile.<\/p>\n<p style=\"text-align: justify;\">We have also participated in disputes between construction contract parties, associated with the exercise of defense and indemnity clauses in environmental violations.<\/p>\n<p>[\/et_pb_text][\/et_pb_column][et_pb_column type=\u00bb2_5&#8243; _builder_version=\u00bb4.16&#8243; custom_padding=\u00bb|||\u00bb global_colors_info=\u00bb{}\u00bb custom_padding__hover=\u00bb|||\u00bb][et_pb_image src=\u00bbhttps:\/\/urzuaabogados.com\/wp-content\/uploads\/2019\/02\/park-lauca-landscape-P8D6TCL.jpg\u00bb align_tablet=\u00bbcenter\u00bb align_phone=\u00bb\u00bb align_last_edited=\u00bbon|desktop\u00bb _builder_version=\u00bb4.16&#8243; custom_margin=\u00bb33px||\u00bb global_colors_info=\u00bb{}\u00bb][\/et_pb_image][\/et_pb_column][\/et_pb_row][et_pb_row column_structure=\u00bb2_5,3_5&#8243; _builder_version=\u00bb4.16&#8243; animation_style=\u00bbslide\u00bb animation_direction=\u00bbleft\u00bb border_width_bottom=\u00bb1px\u00bb global_colors_info=\u00bb{}\u00bb][et_pb_column type=\u00bb2_5&#8243; _builder_version=\u00bb4.16&#8243; custom_padding=\u00bb|||\u00bb global_colors_info=\u00bb{}\u00bb custom_padding__hover=\u00bb|||\u00bb][et_pb_image src=\u00bbhttps:\/\/urzuaabogados.com\/wp-content\/uploads\/2019\/02\/the-solar-energy-JFELHT4.jpg\u00bb align_tablet=\u00bbcenter\u00bb align_phone=\u00bb\u00bb align_last_edited=\u00bbon|desktop\u00bb _builder_version=\u00bb4.16&#8243; global_colors_info=\u00bb{}\u00bb][\/et_pb_image][\/et_pb_column][et_pb_column type=\u00bb3_5&#8243; _builder_version=\u00bb4.16&#8243; custom_padding=\u00bb|||\u00bb global_colors_info=\u00bb{}\u00bb custom_padding__hover=\u00bb|||\u00bb][et_pb_text _builder_version=\u00bb4.17.4&#8243; global_colors_info=\u00bb{}\u00bb]<\/p>\n<h4 style=\"text-align: justify;\"><b>ENERGY DISPUTES AND PREVENTION, RELATED TO DESIGN, CONSTRUCTION, AND OPERATION OF THEIR FACILITIES.<\/b><\/h4>\n<p style=\"text-align: justify;\"><span style=\"font-weight: 400;\">URZ\u00daA has vast experience in complex arbitration disputes related to the energy industry. <\/span><\/p>\n<p style=\"text-align: justify;\">During his career, Cristi\u00e1n Urz\u00faa has advised various energy companies (generation, distribution, and transmission) in the defense of their interests.<\/p>\n<p style=\"text-align: justify;\">We have a track record of more than 2.000 kilometers of lines, dozens of substations, and several more solar and wind power plants.<\/p>\n<p>[\/et_pb_text][\/et_pb_column][\/et_pb_row][et_pb_row column_structure=\u00bb3_5,2_5&#8243; _builder_version=\u00bb4.16&#8243; animation_style=\u00bbslide\u00bb animation_direction=\u00bbright\u00bb border_width_bottom=\u00bb1px\u00bb border_color_bottom=\u00bb#002e6d\u00bb global_colors_info=\u00bb{}\u00bb][et_pb_column type=\u00bb3_5&#8243; _builder_version=\u00bb4.16&#8243; custom_padding=\u00bb|||\u00bb global_colors_info=\u00bb{}\u00bb custom_padding__hover=\u00bb|||\u00bb][et_pb_text _builder_version=\u00bb4.17.4&#8243; global_colors_info=\u00bb{}\u00bb]<\/p>\n<h4 style=\"text-align: justify;\"><b>AQUACULTURE DISPUTES AND PREVENTION, RELATED TO DESIGN, CONSTRUCTION, AND OPERATION OF THEIR FACILITIES<\/b><\/h4>\n<p style=\"text-align: justify;\">We have rich experience designing and building aquaculture facilities, and the disputes related to a deficient construction or poorly design, and their potential damage.<\/p>\n<p style=\"text-align: justify;\"><span style=\"font-weight: 400;\">We know the industry in depth and the potential damage that a badly construction may cause. That\u2019s the reason why we support our clients in the creation of crisis prevention and management systems.<\/span><\/p>\n<p>[\/et_pb_text][\/et_pb_column][et_pb_column type=\u00bb2_5&#8243; _builder_version=\u00bb4.16&#8243; custom_padding=\u00bb|||\u00bb global_colors_info=\u00bb{}\u00bb custom_padding__hover=\u00bb|||\u00bb][et_pb_image src=\u00bbhttps:\/\/urzuaabogados.com\/wp-content\/uploads\/2019\/02\/farm-salmon-fishing-PKVJ3AG.jpg\u00bb align_tablet=\u00bbcenter\u00bb align_phone=\u00bb\u00bb align_last_edited=\u00bbon|desktop\u00bb _builder_version=\u00bb4.16&#8243; global_colors_info=\u00bb{}\u00bb][\/et_pb_image][\/et_pb_column][\/et_pb_row][et_pb_row column_structure=\u00bb1_3,2_3&#8243; _builder_version=\u00bb4.16&#8243; animation_style=\u00bbslide\u00bb animation_direction=\u00bbright\u00bb border_color_all=\u00bb#002E6D\u00bb border_width_bottom=\u00bb1px\u00bb global_colors_info=\u00bb{}\u00bb][et_pb_column type=\u00bb1_3&#8243; _builder_version=\u00bb4.16&#8243; custom_padding=\u00bb|||\u00bb global_colors_info=\u00bb{}\u00bb custom_padding__hover=\u00bb|||\u00bb][et_pb_image src=\u00bbhttps:\/\/urzuaabogados.com\/wp-content\/uploads\/2019\/03\/ancient-roman-epigraph-inscription-located-in-PV2LFPW.jpg\u00bb align_tablet=\u00bbcenter\u00bb align_phone=\u00bb\u00bb align_last_edited=\u00bbon|desktop\u00bb _builder_version=\u00bb4.16&#8243; global_colors_info=\u00bb{}\u00bb][\/et_pb_image][\/et_pb_column][et_pb_column type=\u00bb2_3&#8243; _builder_version=\u00bb4.16&#8243; custom_padding=\u00bb|||\u00bb global_colors_info=\u00bb{}\u00bb custom_padding__hover=\u00bb|||\u00bb][et_pb_text _builder_version=\u00bb4.17.4&#8243; global_colors_info=\u00bb{}\u00bb]<\/p>\n<h4 style=\"text-align: justify;\"><strong>CONTRACTS AND TORTS, RELATED TO DESIGN, CONSTRUCTION, AND OPERATION OF THEIR FACILITIES.<\/strong><\/h4>\n<p style=\"text-align: justify;\"><strong><\/strong><\/p>\n<p style=\"text-align: justify;\">We support our clients in the potential drawbacks that may arise during the execution and operation of third party projects. The conflicts occur, the community often claims over the projects or there may be accidents during the project that can mean corporate responsibility.<\/p>\n<p style=\"text-align: justify;\">We fully understand the concept of compensable damages, we support the client in the calculation process and propose strategies appropriate to the specific case, to create conviction in the judge.<\/p>\n<p style=\"text-align: justify;\">\u00a0Finally, we prepare legal opinions on these matters, especially regarding design professional and contractor liability.<\/p>\n<p>[\/et_pb_text][\/et_pb_column][\/et_pb_row][\/et_pb_section]<\/p>\n","protected":false},"excerpt":{"rendered":"<p>PROJECT, ENGINEERING AND CONSTRUCTION DISPUTES \u00a0 Related to our practice, we have over\u00a0thirty years of experience\u00a0working in projects, engineering and construction, but also in pre-litigation\/arbitration claims procedures. \u00a0 We have represented owners, builders and engineering companies, allowing us to have a cross-cutting understanding of how every participant thinks, acts and should exercise their rights. \u00a0We [&hellip;]<\/p>\n","protected":false},"author":1,"featured_media":0,"parent":1076,"menu_order":0,"comment_status":"closed","ping_status":"closed","template":"","meta":{"_et_pb_use_builder":"on","_et_pb_old_content":"","_et_gb_content_width":"","footnotes":""},"class_list":["post-1322","page","type-page","status-publish","hentry"],"_links":{"self":[{"href":"https:\/\/urzuaabogados.com\/index.php?rest_route=\/wp\/v2\/pages\/1322","targetHints":{"allow":["GET"]}}],"collection":[{"href":"https:\/\/urzuaabogados.com\/index.php?rest_route=\/wp\/v2\/pages"}],"about":[{"href":"https:\/\/urzuaabogados.com\/index.php?rest_route=\/wp\/v2\/types\/page"}],"author":[{"embeddable":true,"href":"https:\/\/urzuaabogados.com\/index.php?rest_route=\/wp\/v2\/users\/1"}],"replies":[{"embeddable":true,"href":"https:\/\/urzuaabogados.com\/index.php?rest_route=%2Fwp%2Fv2%2Fcomments&post=1322"}],"version-history":[{"count":15,"href":"https:\/\/urzuaabogados.com\/index.php?rest_route=\/wp\/v2\/pages\/1322\/revisions"}],"predecessor-version":[{"id":2009,"href":"https:\/\/urzuaabogados.com\/index.php?rest_route=\/wp\/v2\/pages\/1322\/revisions\/2009"}],"up":[{"embeddable":true,"href":"https:\/\/urzuaabogados.com\/index.php?rest_route=\/wp\/v2\/pages\/1076"}],"wp:attachment":[{"href":"https:\/\/urzuaabogados.com\/index.php?rest_route=%2Fwp%2Fv2%2Fmedia&parent=1322"}],"curies":[{"name":"wp","href":"https:\/\/api.w.org\/{rel}","templated":true}]}}